{"id":111,"date":"2022-08-30T21:10:03","date_gmt":"2022-08-30T21:10:03","guid":{"rendered":"http:\/\/osvrhbosna.edu.ba\/?page_id=111"},"modified":"2023-02-02T10:07:23","modified_gmt":"2023-02-02T10:07:23","slug":"vijece-ucenika","status":"publish","type":"page","link":"https:\/\/osvrhbosna.edu.ba\/index.php\/vijece-ucenika\/","title":{"rendered":"Vije\u0107e u\u010denika"},"content":{"rendered":"\t\t<div data-elementor-type=\"wp-page\" data-elementor-id=\"111\" class=\"elementor elementor-111\">\n\t\t\t\t\t\t<section class=\"elementor-section elementor-top-section elementor-element elementor-element-9c785da elementor-section-boxed elementor-section-height-default elementor-section-height-default\" data-id=\"9c785da\" data-element_type=\"section\" data-e-type=\"section\">\n\t\t\t\t\t\t<div class=\"elementor-container elementor-column-gap-default\">\n\t\t\t\t\t<div class=\"elementor-column elementor-col-100 elementor-top-column elementor-element elementor-element-c5f3698\" data-id=\"c5f3698\" data-element_type=\"column\" data-e-type=\"column\">\n\t\t\t<div class=\"elementor-widget-wrap elementor-element-populated\">\n\t\t\t\t\t\t<div class=\"elementor-element elementor-element-5eb14f8 elementor-widget elementor-widget-elementskit-heading\" data-id=\"5eb14f8\" data-element_type=\"widget\" data-e-type=\"widget\" data-widget_type=\"elementskit-heading.default\">\n\t\t\t\t<div class=\"elementor-widget-container\">\n\t\t\t\t\t<div class=\"ekit-wid-con\" ><div class=\"ekit-heading elementskit-section-title-wraper center   ekit_heading_tablet-   ekit_heading_mobile-\"><h3 class=\"ekit-heading--title elementskit-section-title \">\u010clanovi Vije\u0107a u\u010denika<\/h3><div class=\"ekit_heading_separetor_wraper ekit_heading_elementskit-border-divider ekit-dotted\"><div class=\"elementskit-border-divider ekit-dotted\"><\/div><\/div><\/div><\/div>\t\t\t\t<\/div>\n\t\t\t\t<\/div>\n\t\t\t\t<section class=\"elementor-section elementor-inner-section elementor-element elementor-element-65162ff elementor-section-boxed elementor-section-height-default elementor-section-height-default\" data-id=\"65162ff\" data-element_type=\"section\" data-e-type=\"section\">\n\t\t\t\t\t\t<div class=\"elementor-container elementor-column-gap-default\">\n\t\t\t\t\t<div class=\"elementor-column elementor-col-50 elementor-inner-column elementor-element elementor-element-8d13436\" data-id=\"8d13436\" data-element_type=\"column\" data-e-type=\"column\">\n\t\t\t<div class=\"elementor-widget-wrap elementor-element-populated\">\n\t\t\t\t\t\t<div class=\"elementor-element elementor-element-fdb8b36 elementor-widget elementor-widget-elementskit-team\" data-id=\"fdb8b36\" data-element_type=\"widget\" data-e-type=\"widget\" data-widget_type=\"elementskit-team.default\">\n\t\t\t\t<div class=\"elementor-widget-container\">\n\t\t\t\t\t<div class=\"ekit-wid-con\">\t\t\t\t\t\t <div class=\"profile-square-v square-v6 no_gutters\"> \t\t\n\t\t<div class=\"profile-card elementor-animation- text-center ekit-team-style-long_height_details\">\n\t\t\t\n\t\t\t\t<div class=\"profile-header ekit-team-img \" >\n\t\t\t\t\t<img fetchpriority=\"high\" decoding=\"async\" width=\"640\" height=\"642\" src=\"https:\/\/osvrhbosna.edu.ba\/wp-content\/uploads\/2022\/08\/female-profile-icon-6.png\" class=\"attachment-large size-large wp-image-386\" alt=\"\" srcset=\"https:\/\/osvrhbosna.edu.ba\/wp-content\/uploads\/2022\/08\/female-profile-icon-6.png 718w, https:\/\/osvrhbosna.edu.ba\/wp-content\/uploads\/2022\/08\/female-profile-icon-6-300x300.png 300w, https:\/\/osvrhbosna.edu.ba\/wp-content\/uploads\/2022\/08\/female-profile-icon-6-150x150.png 150w, https:\/\/osvrhbosna.edu.ba\/wp-content\/uploads\/2022\/08\/female-profile-icon-6-400x400.png 400w\" sizes=\"(max-width: 640px) 100vw, 640px\" \/>\t\t\t\t<\/div><!-- .profile-header END -->\n\t\t\t\n\n\t\t\t\t<div class=\"profile-body\">\n\t\t\t\t\t\n\t\t\t\t\t<h2 class=\"profile-title\">\n\t\t\t\t\t\t\t\t\t\t\tHafsa Smaji\u0107\t\t\t\t\t\t\t\t\t\t<\/h2>\n\t\t\t\t\t<p class=\"profile-designation\">Predsjednik<\/p>\n\t\t\t\t\t\t\t\t\t<\/div><!-- .profile-body END -->\n\n\t\t\t\t\t\t\t\t<\/div>\n\t\t\t\t <\/div> \t\t\t\n\t\t\t\n\t\t\t\t<\/div>\t\t\t\t<\/div>\n\t\t\t\t<\/div>\n\t\t\t\t\t<\/div>\n\t\t<\/div>\n\t\t\t\t<div class=\"elementor-column elementor-col-50 elementor-inner-column elementor-element elementor-element-85227f8\" data-id=\"85227f8\" data-element_type=\"column\" data-e-type=\"column\">\n\t\t\t<div class=\"elementor-widget-wrap elementor-element-populated\">\n\t\t\t\t\t\t<div class=\"elementor-element elementor-element-0b40166 elementor-widget elementor-widget-elementskit-team\" data-id=\"0b40166\" data-element_type=\"widget\" data-e-type=\"widget\" data-widget_type=\"elementskit-team.default\">\n\t\t\t\t<div class=\"elementor-widget-container\">\n\t\t\t\t\t<div class=\"ekit-wid-con\">\t\t\t\t\t\t <div class=\"profile-square-v square-v6 no_gutters\"> \t\t\n\t\t<div class=\"profile-card elementor-animation- text-center ekit-team-style-long_height_details\">\n\t\t\t\n\t\t\t\t<div class=\"profile-header ekit-team-img \" >\n\t\t\t\t\t<img decoding=\"async\" width=\"640\" height=\"650\" src=\"https:\/\/osvrhbosna.edu.ba\/wp-content\/uploads\/2022\/08\/PngItem_4196791-1008x1024.png\" class=\"attachment-large size-large wp-image-391\" alt=\"\" srcset=\"https:\/\/osvrhbosna.edu.ba\/wp-content\/uploads\/2022\/08\/PngItem_4196791-1008x1024.png 1008w, https:\/\/osvrhbosna.edu.ba\/wp-content\/uploads\/2022\/08\/PngItem_4196791-295x300.png 295w, https:\/\/osvrhbosna.edu.ba\/wp-content\/uploads\/2022\/08\/PngItem_4196791-768x780.png 768w, https:\/\/osvrhbosna.edu.ba\/wp-content\/uploads\/2022\/08\/PngItem_4196791.png 1253w\" sizes=\"(max-width: 640px) 100vw, 640px\" \/>\t\t\t\t<\/div><!-- .profile-header END -->\n\t\t\t\n\n\t\t\t\t<div class=\"profile-body\">\n\t\t\t\t\t\n\t\t\t\t\t<h2 class=\"profile-title\">\n\t\t\t\t\t\t\t\t\t\t\tKenan Mulovi\u0107\t\t\t\t\t\t\t\t\t\t<\/h2>\n\t\t\t\t\t<p class=\"profile-designation\"> Podpredsjednik<\/p>\n\t\t\t\t\t\t\t\t\t<\/div><!-- .profile-body END -->\n\n\t\t\t\t\t\t\t\t<\/div>\n\t\t\t\t <\/div> \t\t\t\n\t\t\t\n\t\t\t\t<\/div>\t\t\t\t<\/div>\n\t\t\t\t<\/div>\n\t\t\t\t\t<\/div>\n\t\t<\/div>\n\t\t\t\t\t<\/div>\n\t\t<\/section>\n\t\t\t\t\t<\/div>\n\t\t<\/div>\n\t\t\t\t\t<\/div>\n\t\t<\/section>\n\t\t\t\t<\/div>\n\t\t","protected":false},"excerpt":{"rendered":"<p>\u010clanovi Vije\u0107a u\u010denika Hafsa Smaji\u0107 Predsjednik Kenan Mulovi\u0107 Podpredsjednik<\/p>\n","protected":false},"author":1,"featured_media":0,"parent":0,"menu_order":0,"comment_status":"closed","ping_status":"closed","template":"","meta":{"footnotes":""},"class_list":["post-111","page","type-page","status-publish","hentry"],"_links":{"self":[{"href":"https:\/\/osvrhbosna.edu.ba\/index.php\/wp-json\/wp\/v2\/pages\/111","targetHints":{"allow":["GET"]}}],"collection":[{"href":"https:\/\/osvrhbosna.edu.ba\/index.php\/wp-json\/wp\/v2\/pages"}],"about":[{"href":"https:\/\/osvrhbosna.edu.ba\/index.php\/wp-json\/wp\/v2\/types\/page"}],"author":[{"embeddable":true,"href":"https:\/\/osvrhbosna.edu.ba\/index.php\/wp-json\/wp\/v2\/users\/1"}],"replies":[{"embeddable":true,"href":"https:\/\/osvrhbosna.edu.ba\/index.php\/wp-json\/wp\/v2\/comments?post=111"}],"version-history":[{"count":4,"href":"https:\/\/osvrhbosna.edu.ba\/index.php\/wp-json\/wp\/v2\/pages\/111\/revisions"}],"predecessor-version":[{"id":1759,"href":"https:\/\/osvrhbosna.edu.ba\/index.php\/wp-json\/wp\/v2\/pages\/111\/revisions\/1759"}],"wp:attachment":[{"href":"https:\/\/osvrhbosna.edu.ba\/index.php\/wp-json\/wp\/v2\/media?parent=111"}],"curies":[{"name":"wp","href":"https:\/\/api.w.org\/{rel}","templated":true}]}}