{"id":119,"date":"2022-08-30T21:10:03","date_gmt":"2022-08-30T21:10:03","guid":{"rendered":"http:\/\/osvrhbosna.edu.ba\/?page_id=119"},"modified":"2022-10-31T08:37:13","modified_gmt":"2022-10-31T08:37:13","slug":"korisni-linkovi","status":"publish","type":"page","link":"https:\/\/osvrhbosna.edu.ba\/index.php\/korisni-linkovi\/","title":{"rendered":"Korisni linkovi"},"content":{"rendered":"\n<ul class=\"wp-block-list\"><li><a href=\"https:\/\/mo.ks.gov.ba\/\" target=\"_blank\" rel=\"noreferrer noopener\">Ministarstvo za odgoj i obrazovanje Kantona Sarajevo<\/a><\/li><li><a href=\"http:\/\/starigrad.ba\/v2\/\" target=\"_blank\" rel=\"noreferrer noopener\">Op\u0107ina Stari Grad<\/a><\/li><li><a href=\"https:\/\/www.sigurnodijete.ba\/\" target=\"_blank\" rel=\"noreferrer noopener\">Centar za sigurni internet<\/a><\/li><li><a href=\"https:\/\/porodicno.ba\/\" target=\"_blank\" rel=\"noreferrer noopener\">KJU &#8220;Porodi\u010dno savjetovali\u0161te&#8221; Sarajevo<\/a><\/li><li><a href=\"https:\/\/e-dnevnik.edu.ba\/\" target=\"_blank\" rel=\"noreferrer noopener\">E-dnevnik<\/a><\/li><li><a href=\"http:\/\/www.stipendije.ba\/\" target=\"_blank\" rel=\"noreferrer noopener\">Stipendije<\/a><\/li><\/ul>\n","protected":false},"excerpt":{"rendered":"<p>Ministarstvo za odgoj i obrazovanje Kantona Sarajevo Op\u0107ina Stari Grad Centar za sigurni internet KJU &#8220;Porodi\u010dno savjetovali\u0161te&#8221; Sarajevo E-dnevnik Stipendije<\/p>\n","protected":false},"author":1,"featured_media":0,"parent":0,"menu_order":0,"comment_status":"closed","ping_status":"closed","template":"","meta":{"footnotes":""},"class_list":["post-119","page","type-page","status-publish","hentry"],"_links":{"self":[{"href":"https:\/\/osvrhbosna.edu.ba\/index.php\/wp-json\/wp\/v2\/pages\/119","targetHints":{"allow":["GET"]}}],"collection":[{"href":"https:\/\/osvrhbosna.edu.ba\/index.php\/wp-json\/wp\/v2\/pages"}],"about":[{"href":"https:\/\/osvrhbosna.edu.ba\/index.php\/wp-json\/wp\/v2\/types\/page"}],"author":[{"embeddable":true,"href":"https:\/\/osvrhbosna.edu.ba\/index.php\/wp-json\/wp\/v2\/users\/1"}],"replies":[{"embeddable":true,"href":"https:\/\/osvrhbosna.edu.ba\/index.php\/wp-json\/wp\/v2\/comments?post=119"}],"version-history":[{"count":2,"href":"https:\/\/osvrhbosna.edu.ba\/index.php\/wp-json\/wp\/v2\/pages\/119\/revisions"}],"predecessor-version":[{"id":1029,"href":"https:\/\/osvrhbosna.edu.ba\/index.php\/wp-json\/wp\/v2\/pages\/119\/revisions\/1029"}],"wp:attachment":[{"href":"https:\/\/osvrhbosna.edu.ba\/index.php\/wp-json\/wp\/v2\/media?parent=119"}],"curies":[{"name":"wp","href":"https:\/\/api.w.org\/{rel}","templated":true}]}}