{"id":173,"date":"2022-08-30T21:35:00","date_gmt":"2022-08-30T21:35:00","guid":{"rendered":"http:\/\/osvrhbosna.edu.ba\/?page_id=173"},"modified":"2022-10-11T20:35:43","modified_gmt":"2022-10-11T20:35:43","slug":"rijec-bibliotekara","status":"publish","type":"page","link":"https:\/\/osvrhbosna.edu.ba\/index.php\/rijec-bibliotekara\/","title":{"rendered":"Rije\u010d bibliotekara"},"content":{"rendered":"\t\t<div data-elementor-type=\"wp-page\" data-elementor-id=\"173\" class=\"elementor elementor-173\">\n\t\t\t\t\t\t<section class=\"elementor-section elementor-top-section elementor-element elementor-element-e90164d elementor-section-boxed elementor-section-height-default elementor-section-height-default\" data-id=\"e90164d\" data-element_type=\"section\" data-e-type=\"section\">\n\t\t\t\t\t\t<div class=\"elementor-container elementor-column-gap-default\">\n\t\t\t\t\t<div class=\"elementor-column elementor-col-50 elementor-top-column elementor-element elementor-element-4d27948\" data-id=\"4d27948\" data-element_type=\"column\" data-e-type=\"column\">\n\t\t\t<div class=\"elementor-widget-wrap elementor-element-populated\">\n\t\t\t\t\t\t<div class=\"elementor-element elementor-element-f2fd3ca elementor-widget elementor-widget-image\" data-id=\"f2fd3ca\" data-element_type=\"widget\" data-e-type=\"widget\" data-widget_type=\"image.default\">\n\t\t\t\t<div class=\"elementor-widget-container\">\n\t\t\t\t\t\t\t\t\t\t\t\t<figure class=\"wp-caption\">\n\t\t\t\t\t\t\t\t\t\t<img fetchpriority=\"high\" decoding=\"async\" width=\"640\" height=\"853\" src=\"https:\/\/osvrhbosna.edu.ba\/wp-content\/uploads\/2022\/09\/Sanela-D-768x1024.jpg\" class=\"attachment-large size-large wp-image-623\" alt=\"\" srcset=\"https:\/\/osvrhbosna.edu.ba\/wp-content\/uploads\/2022\/09\/Sanela-D-768x1024.jpg 768w, https:\/\/osvrhbosna.edu.ba\/wp-content\/uploads\/2022\/09\/Sanela-D-1152x1536.jpg 1152w\" sizes=\"(max-width: 640px) 100vw, 640px\" \/>\t\t\t\t\t\t\t\t\t\t\t<figcaption class=\"widget-image-caption wp-caption-text\"><\/figcaption>\n\t\t\t\t\t\t\t\t\t\t<\/figure>\n\t\t\t\t\t\t\t\t\t<\/div>\n\t\t\t\t<\/div>\n\t\t\t\t\t<\/div>\n\t\t<\/div>\n\t\t\t\t<div class=\"elementor-column elementor-col-50 elementor-top-column elementor-element elementor-element-dba216c\" data-id=\"dba216c\" data-element_type=\"column\" data-e-type=\"column\">\n\t\t\t<div class=\"elementor-widget-wrap elementor-element-populated\">\n\t\t\t\t\t\t<div class=\"elementor-element elementor-element-5bfebce elementor-widget elementor-widget-text-editor\" data-id=\"5bfebce\" data-element_type=\"widget\" data-e-type=\"widget\" data-widget_type=\"text-editor.default\">\n\t\t\t\t<div class=\"elementor-widget-container\">\n\t\t\t\t\t\t\t\t\t<p><strong>SANELA DIZDAR<\/strong><\/p><p><strong>Rije\u010d bibliotekara<\/strong><\/p>\n<p><span lang=\"BS-LATN-BA\">Dobro do\u0161li u biblioteku JU O\u0160 \u201eVrhbosna\u201c Sarajevo<\/span><\/p>\n<p class=\"MsoNormal\"><span lang=\"BS-LATN-BA\">Na\u0161a biblioteka je najljep\u0161a prostorija u \u0161koli. Na 70 m<sup>2 <\/sup>smje\u0161ten je veliki fond biblioteke, preko 7000 jedinica bibliote\u010dke gra\u0111e, &nbsp;kao i \u010ditaonica za u\u010denike sa 20 mjesta. U\u010denici rado borave u biblioteci, a upoznati su i sa pravilima rada i pona\u0161anja u njoj.<\/span><\/p>\n<p class=\"MsoNormal\"><span lang=\"BS-LATN-BA\">U okviru rada biblioteke djeluje i sekcija \u201eMedijska pismenost\u201c gdje u\u010denici sti\u010du osnovna znanja o medijskoj pismenosti.<\/span><\/p>\n<p class=\"MsoNormal\" style=\"margin-bottom: 0.0001pt; text-align: justify; background-image: initial; background-position: initial; background-size: initial; background-repeat: initial; background-attachment: initial; background-origin: initial; background-clip: initial; vertical-align: baseline;\"><span lang=\"BS-LATN-BA\" style=\"mso-bidi-font-size: 12.0pt; line-height: 115%; mso-fareast-font-family: 'Times New Roman'; mso-bidi-font-family: 'Times New Roman'; color: black; mso-themecolor: text1; mso-fareast-language: BS-LATN-BA;\">Va\u017enost \u010ditanja<\/span><\/p>\n<p class=\"MsoNormal\" style=\"margin-bottom: 0.0001pt; text-align: justify; background-image: initial; background-position: initial; background-size: initial; background-repeat: initial; background-attachment: initial; background-origin: initial; background-clip: initial; vertical-align: baseline;\"><span lang=\"BS-LATN-BA\" style=\"mso-bidi-font-size: 12.0pt; line-height: 115%; mso-fareast-font-family: 'Times New Roman'; mso-bidi-font-family: 'Times New Roman'; color: black; mso-themecolor: text1; mso-fareast-language: BS-LATN-BA;\">&nbsp;<\/span><\/p>\n<p class=\"MsoNormal\" style=\"margin-bottom: 0.0001pt; text-align: justify; background-image: initial; background-position: initial; background-size: initial; background-repeat: initial; background-attachment: initial; background-origin: initial; background-clip: initial; vertical-align: baseline;\"><span lang=\"BS-LATN-BA\" style=\"mso-bidi-font-size: 12.0pt; line-height: 115%; mso-fareast-font-family: 'Times New Roman'; mso-bidi-font-family: 'Times New Roman'; color: black; mso-themecolor: text1; mso-fareast-language: BS-LATN-BA;\">\u010citanje knjiga nam poma\u017ee da odr\u017eimo odr\u017eimo nivo znanja, ali ga i pro\u0161iruje. \u010citanjem neprestano snabdjevamo na\u0161 mozak novim informacijama, a nikada se ne zna kada \u0107e nam one zatrebati u \u017eivotu.&nbsp;\u0160to vi\u0161e znanja imamo, spremniji smo odgovoriti na razne izazove&nbsp;sa kojima se u \u017eivotu suo\u010davamo.<\/span><\/p>\n<p class=\"MsoNormal\" style=\"text-align: justify;\"><span lang=\"BS-LATN-BA\" style=\"mso-bidi-font-size: 12.0pt; line-height: 115%; mso-bidi-font-family: 'Times New Roman'; color: black; mso-themecolor: text1;\">\u0160to vi\u0161e knjiga \u010ditate, vi\u0161e novih rije\u010di \u0107e se na\u0107i u va\u0161em svakodnevnom rje\u010dniku. \u0160iri vokabular i sposobnost lijepog govora ja\u010da va\u0161e samopouzdanje. Pored toga, dobro definisan govor i pravilno izgovaranje rije\u010di mogu biti od velike pomo\u0107i u svakoj profesiji. Na\u010ditani ljudi, dobri govornici koji mogu da pri\u010daju o raznim temama, visoko su cijenjeni u poslovnom svijetu i brzo napreduju u karijeri.<\/span><\/p>\n<p class=\"MsoNormal\" style=\"text-align: justify;\"><span lang=\"BS-LATN-BA\" style=\"mso-bidi-font-size: 12.0pt; line-height: 115%; mso-bidi-font-family: 'Times New Roman'; color: black; mso-themecolor: text1;\">&nbsp;Roditelji koji \u017eele podsta\u0107i svoju djecu da zavole \u010ditanje, mogu to u\u010diniti tako \u0161to \u0107e svakodnevno kod ku\u0107e \u010ditati naglas. Nau\u010dno je dokazano da \u0107e djeca \u0161kolskog uzrasta kojima su roditelji glasno \u010ditali knjige, imati ve\u0107e \u0161anse da razviju sklonost ka \u010ditanju.<\/span><\/p>\n<p class=\"MsoNormal\" style=\"text-align: justify;\"><span lang=\"BS-LATN-BA\" style=\"mso-bidi-font-size: 12.0pt; line-height: 115%; mso-bidi-font-family: 'Times New Roman'; color: black; mso-themecolor: text1;\">&nbsp;Dragi roditelji, \u010ditajte svojoj djeci pri\u010de za laku no\u0107, to je najbolji na\u010din da i oni zavole knjige. Ne samo da \u010ditanjem postajemo pametniji, ve\u0107 na\u0161 um postaje britkiji i bistriji. Svega 6 minuta \u010ditanja zanimljivog \u0161tiva smanjuje nivo stresa za nevjerovatnih 68%. <\/span><\/p>\n<p><\/p>\n<p class=\"MsoNormal\" style=\"text-align: justify;\"><span lang=\"BS-LATN-BA\" style=\"mso-bidi-font-size: 12.0pt; line-height: 115%; mso-bidi-font-family: 'Times New Roman'; color: black; mso-themecolor: text1;\">Dok \u010ditamo knjigu upoznajemo mno\u0161tvo novih likova, njihov karakter, ambicije, zapravo \u010ditav njihov svijet. Sve te informacije mozak skuplja i \u010duva. Svako novo saznanje koje mozak skladi\u0161ti u svojoj memoriji podsti\u010de razvoj novih i ja\u010da ve\u0107 postoje\u0107e mo\u017edane sinapse, \u0161to utje\u010de na ja\u010danje na\u0161e memorije, naro\u010dito kratkoro\u010dnog pam\u0107enja.&nbsp;<\/span><\/p>\n<p><span lang=\"BS-LATN-BA\">&nbsp;<\/span><\/p>\t\t\t\t\t\t\t\t<\/div>\n\t\t\t\t<\/div>\n\t\t\t\t\t<\/div>\n\t\t<\/div>\n\t\t\t\t\t<\/div>\n\t\t<\/section>\n\t\t\t\t<\/div>\n\t\t","protected":false},"excerpt":{"rendered":"<p>SANELA DIZDAR Rije\u010d bibliotekara Dobro do\u0161li u biblioteku JU O\u0160 \u201eVrhbosna\u201c Sarajevo Na\u0161a biblioteka je najljep\u0161a prostorija u \u0161koli. Na 70 m2 smje\u0161ten je veliki fond biblioteke, preko 7000 jedinica bibliote\u010dke gra\u0111e, &nbsp;kao i \u010ditaonica za u\u010denike sa 20 mjesta. U\u010denici rado&#8230;<\/p>\n","protected":false},"author":1,"featured_media":0,"parent":0,"menu_order":0,"comment_status":"closed","ping_status":"closed","template":"","meta":{"footnotes":""},"class_list":["post-173","page","type-page","status-publish","hentry"],"_links":{"self":[{"href":"https:\/\/osvrhbosna.edu.ba\/index.php\/wp-json\/wp\/v2\/pages\/173","targetHints":{"allow":["GET"]}}],"collection":[{"href":"https:\/\/osvrhbosna.edu.ba\/index.php\/wp-json\/wp\/v2\/pages"}],"about":[{"href":"https:\/\/osvrhbosna.edu.ba\/index.php\/wp-json\/wp\/v2\/types\/page"}],"author":[{"embeddable":true,"href":"https:\/\/osvrhbosna.edu.ba\/index.php\/wp-json\/wp\/v2\/users\/1"}],"replies":[{"embeddable":true,"href":"https:\/\/osvrhbosna.edu.ba\/index.php\/wp-json\/wp\/v2\/comments?post=173"}],"version-history":[{"count":11,"href":"https:\/\/osvrhbosna.edu.ba\/index.php\/wp-json\/wp\/v2\/pages\/173\/revisions"}],"predecessor-version":[{"id":866,"href":"https:\/\/osvrhbosna.edu.ba\/index.php\/wp-json\/wp\/v2\/pages\/173\/revisions\/866"}],"wp:attachment":[{"href":"https:\/\/osvrhbosna.edu.ba\/index.php\/wp-json\/wp\/v2\/media?parent=173"}],"curies":[{"name":"wp","href":"https:\/\/api.w.org\/{rel}","templated":true}]}}