{"id":3826,"date":"2026-01-16T05:48:46","date_gmt":"2026-01-16T05:48:46","guid":{"rendered":"http:\/\/osvrhbosna.edu.ba\/?page_id=3826"},"modified":"2026-01-16T05:57:43","modified_gmt":"2026-01-16T05:57:43","slug":"temp","status":"publish","type":"page","link":"https:\/\/osvrhbosna.edu.ba\/index.php\/temp\/","title":{"rendered":""},"content":{"rendered":"\n<p class=\"has-black-color has-light-green-cyan-background-color has-text-color has-background has-link-color wp-elements-dea77c9850c34643aea5795b1b359afd\"><mark style=\"background-color:rgba(0, 0, 0, 0)\" class=\"has-inline-color has-black-color\">Zakon o radu (\u201cSlu\u017ebene novine Federacije BiH\u201d;\u00a0<a href=\"https:\/\/drive.google.com\/file\/d\/16StvHLDU6NrugftxysJY6Kn1Gjciw6BB\/view?usp=sharing\">26\/16; 89\/18; 44\/22; 39\/24<\/a>); Zakon o dopunama zakona o radu (\u201cSlu\u017ebene novine Federacije BiH\u201d;\u00a0<a href=\"https:\/\/drive.google.com\/file\/d\/1aes4eldQif7sbcKrLpI6Vv4ZKo4TJ6it\/view?usp=drive_link\">39\/24<\/a>)<\/mark><\/p>\n\n\n\n<p class=\"has-pale-cyan-blue-background-color has-background\">Zakon o odgoju i obrazovanju u osnovnoj i srednjoj \u0161koli Kantona Sarajevo (\u201cSlu\u017ebene novine Kantona Sarajevo\u201d;&nbsp;<a href=\"https:\/\/drive.google.com\/file\/d\/1AtGkXfnvUaoORClpFYB6xr5LqN4oxBN0\/view?usp=sharing\">27\/24<\/a>)<\/p>\n\n\n\n<p class=\"has-light-green-cyan-background-color has-background\">Kolektivni ugovor za djelatnosti pred\u0161kolskog odgoja i osnovnog odgoja i obrazovanja u Kantonu Sarajevo (\u201cSlu\u017ebene novine Kantona Sarajevo\u201d;&nbsp;<a href=\"https:\/\/drive.google.com\/file\/d\/1l6It8jDWkqz_HNbEDghsmpo8Xb7NHikC\/view?usp=sharing\">24\/22<\/a>;&nbsp;<a href=\"https:\/\/drive.google.com\/file\/d\/1BQ0-EUPf8L0w-AUIrZ2f71yXxKQlylnG\/view?usp=share_link\">40\/22<\/a>;&nbsp;<a href=\"https:\/\/drive.google.com\/file\/d\/1fGBmTSg-fNnle0XU7wS4TmzOKxOJ5Mpl\/view?usp=sharing\">7\/24<\/a>;&nbsp;<a href=\"https:\/\/drive.google.com\/file\/d\/1DgKbH9lycVYWTb0GI1eGlxOE8WD1DHVm\/view?usp=sharing\">29\/24<\/a>;&nbsp;<a href=\"https:\/\/drive.google.com\/file\/d\/1q9PtfISp368bVulvrGXfQCRfNWlplbcy\/view?usp=sharing\">39\/24<\/a>;&nbsp;<a href=\"https:\/\/drive.google.com\/file\/d\/1YA-FedlKyVGLtSTDVsXIdP1dJWDb4dUl\/view?usp=sharing\">17\/25<\/a>)<\/p>\n\n\n\n<p class=\"has-pale-cyan-blue-background-color has-background\">Odluka o pedago\u0161kim standardima za osnovni odgoj i obrazovanje i normativima \u0161kolskog prostora, opreme, nastavnih sredstava i u\u010dila za osnovnu \u0161kolu (\u201cSlu\u017ebene novine Kantona Sarajevo\u201d;&nbsp;<a href=\"https:\/\/drive.google.com\/file\/d\/1L4jKhFF2uKyDr2O_398cDvhN3srzibEr\/view?usp=sharing\">3\/25<\/a>;&nbsp;<a href=\"https:\/\/drive.google.com\/file\/d\/18cMwnIYqbpeIFVAqYPaMyjBDsUjDv1Vm\/view?usp=sharing\">29\/25<\/a>)<\/p>\n\n\n\n<p class=\"has-light-green-cyan-background-color has-background\">Pravilnik o vo\u0111enju evidencije o neprihvatljivim oblicima pona\u0161anja i za\u0161titi u\u010denika (\u201cSlu\u017ebene novine Kantona Sarajevo\u201d;&nbsp;<a href=\"https:\/\/drive.google.com\/file\/d\/1ifMk9aXKbFprptc9QypOV1C7rBe1OPW2\/view?usp=sharing\">33\/24<\/a>;&nbsp;<a href=\"https:\/\/drive.google.com\/file\/d\/10j_Imj2IdB2Py2BGdSB7HlA1-oIRYXJ0\/view?usp=sharing\">3\/25<\/a>)<\/p>\n\n\n\n<p class=\"has-pale-cyan-blue-background-color has-background\">Pravilnik o prepoznavanju, prevenciji i za\u0161titi od diskriminacije u osnovnim \u0161kolama (\u201cSlu\u017ebene novine Kantona Sarajevo\u201d;&nbsp;<a href=\"https:\/\/drive.google.com\/file\/d\/1pLt5ldrALk6flW-vrpJIi8uIeAxoQTC3\/view?usp=sharing\">8\/25<\/a>)<\/p>\n\n\n\n<p class=\"has-light-green-cyan-background-color has-background\">Pravilnik o inkluzivnom obrazovanju (\u201cSlu\u017ebene novine Kantona Sarajevo\u201d;&nbsp;<a href=\"https:\/\/drive.google.com\/file\/d\/1nIUIrbCG8KXMqosoBbFa-LUEiQL3LRMx\/view?usp=drive_link\">37\/25<\/a>)<\/p>\n\n\n\n<p class=\"has-pale-cyan-blue-background-color has-background\">Pravilnik sa kriterijima za prijem radnika u radni odnos u osnovnim \u0161kolama kao javnim ustanovama na podru\u010dju Kantona Sarajevo (\u201cSlu\u017ebene novine Kantona Sarajevo\u201d;&nbsp;<a href=\"https:\/\/drive.google.com\/file\/d\/1CVxRk6XQ5lYjan1DQYWh5x5W16-WSbWb\/view?usp=sharing\">8\/25<\/a>;&nbsp;<a href=\"https:\/\/drive.google.com\/file\/d\/1nIUIrbCG8KXMqosoBbFa-LUEiQL3LRMx\/view?usp=drive_link\">37\/25<\/a>)<\/p>\n\n\n\n<p class=\"has-light-green-cyan-background-color has-background\">Pravilnik o realizaciji \u0161kole u prirodi, izleta, studijskih posjeta, ekskurzija, kampovanja\/logorovanja, dru\u0161tveno-korisnog u\u010denja i drugih oblika odgojno-obrazovnog rada u osnovnoj i srednjoj \u0161koli (\u201cSlu\u017ebene novine Kantona Sarajevo\u201d;&nbsp;<a href=\"https:\/\/drive.google.com\/file\/d\/1gfCLz4TF35KVlVvbXwyCXSQ-m4gmA9Dz\/view?usp=sharing\">34\/24<\/a>;&nbsp;<a href=\"https:\/\/drive.google.com\/file\/d\/18ol8vDeMjAq1GHHoJhgzyrxeDXAGPGda\/view?usp=sharing\">10\/25<\/a>;&nbsp;<a href=\"https:\/\/drive.google.com\/file\/d\/1SXmRMu2XgRidLZQhWxCbCoiSfpGtLPJ6\/view?usp=sharing\">45\/25<\/a>)<\/p>\n\n\n\n<p class=\"has-pale-cyan-blue-background-color has-background\">Pravilnik o izmjenama i dopunama pravilnika o primjeni informacionog sistema EMIS u osnovnim i srednjim \u0161kolama u Kantonu Sarajevo (\u201cSlu\u017ebene novine Kantona Sarajevo\u201d;&nbsp;<a href=\"https:\/\/drive.google.com\/file\/d\/1S7Ckvb-JVf2zm8xj-K9jWEC9qqozwH_q\/view?usp=sharing\">46\/25<\/a>)<\/p>\n\n\n\n<p class=\"has-light-green-cyan-background-color has-background\">Pravilnik o formiranju i radu \u0161kolskih saobra\u0107ajnih patrola (\u201cSlu\u017ebene novine Kantona Sarajevo\u201d;&nbsp;<a href=\"https:\/\/drive.google.com\/file\/d\/1fWC5a6s4-0bl2pGY3J1WM8Gr_V0tbqVm\/view?usp=sharing\">39\/13<\/a>;&nbsp;<a href=\"https:\/\/drive.google.com\/file\/d\/1tBZilJ6CGKUNiSyplVniYWApy4DVtDnc\/view?usp=sharing\">9\/16<\/a>)<\/p>\n\n\n\n<p class=\"has-pale-cyan-blue-background-color has-background\">Pravilnik o uvjetima za upis u\u010denika u prvi razred osnovne \u0161kole (\u201cSlu\u017ebene novine Kantona Sarajevo\u201d;&nbsp;<a href=\"https:\/\/drive.google.com\/file\/d\/1VEoeLR2v9pcx5F_gUIVOIjymgOvpRVOz\/view?usp=sharing\">19\/25<\/a>)<\/p>\n\n\n\n<p class=\"has-light-green-cyan-background-color has-background\">Pravilnik o izricanju odgojno-disciplinskih mjera u osnovnim i srednjim \u0161kolama (\u201cSlu\u017ebene novine Kantona Sarajevo\u201d;&nbsp;<a href=\"https:\/\/drive.google.com\/file\/d\/1Auzw-fX5ygjNw01bNQ5Xj-BU8qqVcU3C\/view?usp=sharing\">33\/24<\/a>;&nbsp;<a href=\"https:\/\/drive.google.com\/file\/d\/15erbzp8lExkbFUVG7cfnFH5w6xCZLbkP\/view?usp=sharing\">51\/24<\/a>;&nbsp;<a href=\"https:\/\/drive.google.com\/file\/d\/1GWjDVhND5Yy15ZqU63mKogBeW5sBR_iA\/view?usp=sharing\">15\/25<\/a>)<\/p>\n\n\n\n<p class=\"has-pale-cyan-blue-background-color has-background\">Pravilnik o izboru, nadle\u017enostima i na\u010dinu rada \u0161kolskih odbora osnovnih \u0161kola Kantona Sarajevo (\u201cSlu\u017ebene novine Kantona Sarajevo\u201d;&nbsp;<a href=\"https:\/\/drive.google.com\/file\/d\/1UpQh77dxkFBtU-gStENMNL9ALkwrln_R\/view?usp=sharing\">46\/24<\/a>)<\/p>\n\n\n\n<p class=\"has-light-green-cyan-background-color has-background\">Pravilnik o sadr\u017eaju i na\u010dinu provo\u0111enja nadzora nad zakonito\u0161\u0107u rada i stru\u010dnom nadzoru (\u201cSlu\u017ebene novine Kantona Sarajevo\u201d;&nbsp;<a href=\"https:\/\/drive.google.com\/file\/d\/1CVIeujHYYu7ADGv_thwMF2_RBm7zYw9o\/view?usp=sharing\">43\/24<\/a>)<\/p>\n\n\n\n<p class=\"has-pale-cyan-blue-background-color has-background\">Pravilnik o ishrani u\u010denika u osnovnim i srednjim \u0161kolama Kantona Sarajevo (\u201cSlu\u017ebene novine Kantona Sarajevo\u201d;&nbsp;<a href=\"https:\/\/drive.google.com\/file\/d\/1WplE4bFKE987hAyGob6oMUnf5FbbECeh\/view?usp=sharing\">10\/24<\/a>)<\/p>\n\n\n\n<p class=\"has-light-green-cyan-background-color has-background\">Pravilnik o na\u010dinu i obliku provo\u0111enja odgojno-obrazovne podr\u0161ke i stru\u010dnog tretmana (\u201cSlu\u017ebene novine Kantona Sarajevo\u201d;&nbsp;<a href=\"https:\/\/drive.google.com\/file\/d\/1jRPAjydb_35Dau6Wg5FuWZb9oVyUNuK7\/view?usp=sharing\">19\/24<\/a>)<\/p>\n\n\n\n<p class=\"has-pale-cyan-blue-background-color has-background\">Smjernice za postupanje u slu\u010daju nasilja nad djecom u Bosni i Hercegovini (<a href=\"https:\/\/drive.google.com\/file\/d\/1m58VjhdkcnIQfo2YdqKGrj9vUmyCqFIL\/view?usp=sharing\">2013<\/a>;&nbsp;<a href=\"https:\/\/drive.google.com\/file\/d\/1GJv6sdFFcp2lgA1pPOzxBPDeS3sye0fR\/view?usp=sharing\">2017<\/a>)<\/p>\n\n\n\n<p class=\"has-light-green-cyan-background-color has-background\">Pravilnik o izmjenama i dopunama pravilnika o primjeni zakona o porezu na dohodak (\u201cSlu\u017ebene novine Kantona Sarajevo\u201d;&nbsp;<a href=\"https:\/\/drive.google.com\/file\/d\/1PpAGxsbe8TKMDkE29cx5iHD1fJn7J4QO\/view?usp=sharing\">85\/23<\/a>)<\/p>\n\n\n\n<p class=\"has-pale-cyan-blue-background-color has-background\">Pravilnik o polaganju stru\u010dnog ispita odgajatelja, nastavnika i stru\u010dnih saradnika (\u201cSlu\u017ebene novine Kantona Sarajevo\u201d;&nbsp;<a href=\"https:\/\/drive.google.com\/file\/d\/1Z2_EKoNsR29blELm4x3fVYgsOmFuYEOw\/view?usp=sharing\">12\/00<\/a>;&nbsp;<a href=\"https:\/\/drive.google.com\/file\/d\/1HvEH6own0ItpwqZZhJrk1W2y92gFaoKd\/view?usp=sharing\">10\/01<\/a>;&nbsp;<a href=\"https:\/\/drive.google.com\/file\/d\/13PAOt8w835K3O8ldqtkZ1wi2xuDFQBRp\/view?usp=sharing\">22\/04<\/a>)<\/p>\n\n\n\n<p class=\"has-light-green-cyan-background-color has-background\">Pravilnik o vo\u0111enju pedago\u0161ke dokumentacije i evidencije u osnovnoj \u0161koli (\u201cSlu\u017ebene novine Kantona Sarajevo\u201d;&nbsp;<a href=\"https:\/\/drive.google.com\/file\/d\/19viUFpkNe9DqCJzQr33v-WYumMluySw9\/view?usp=sharing\">46\/18<\/a>;&nbsp;<a href=\"https:\/\/drive.google.com\/file\/d\/1MVIDrLKv0xRywCLSZcHLDJRF1dGFkj23\/view?usp=sharing\">3\/20<\/a>;&nbsp;<a href=\"https:\/\/drive.google.com\/file\/d\/1_j41TbhL9lA8ObHXxjFhGQkNXGkA5Q8i\/view?usp=sharing\">25\/21<\/a>;&nbsp;<a href=\"https:\/\/drive.google.com\/file\/d\/1XzVhdt9oVmofN4WmG7ZWwwQFH7eO8edW\/view?usp=sharing\">34\/23<\/a>)<\/p>\n\n\n\n<p class=\"has-pale-cyan-blue-background-color has-background\">Pravilnik sa kriterijima za progla\u0161avanje radnika za \u010dijim radom je potpuno ili djelimi\u010dno prestala potreba u osnovnim i srednjim \u0161kolama kao javnim ustanovama na podru\u010dju Kantona Sarajevo (\u201cSlu\u017ebene novine Kantona Sarajevo\u201d;&nbsp;<a href=\"https:\/\/drive.google.com\/file\/d\/1xuxr4OGBMSWQtdkH2XPEV_36jVPaenoT\/view?usp=sharing\">9\/22<\/a>)<\/p>\n\n\n\n<p class=\"has-light-green-cyan-background-color has-background\">Pravilnik o izboru, imenovanju i razrje\u0161enju direktora osnovnih \u0161kola Kantona Sarajevo (\u201cSlu\u017ebene novine Kantona Sarajevo\u201d;&nbsp;<a href=\"https:\/\/drive.google.com\/file\/d\/1JuY9rW6FzXPt444MOhj2Mhb1E3TI80OI\/view?usp=sharing\">02\/18<\/a>;&nbsp;<a href=\"https:\/\/drive.google.com\/file\/d\/1I63fvljJtPnVh6uObEE3p6U4x5JrRVMA\/view?usp=sharing\">32\/18<\/a>;&nbsp;<a href=\"https:\/\/drive.google.com\/file\/d\/1xH4X7Jw_acutNSPDxODJwD57A_65pRNF\/view?usp=sharing\">30\/19<\/a>)<\/p>\n\n\n\n<p class=\"has-pale-cyan-blue-background-color has-background\">Pravilnik o nostrifikaciji\/ekvivalenciji inostranih obrazovnih isprava u osnovnoj i srednjoj \u0161koli (\u201cSlu\u017ebene novine Kantona Sarajevo\u201d;&nbsp;<a href=\"https:\/\/drive.google.com\/file\/d\/158glu_CQmVL3GYGI05xIaSvqIVNibVAP\/view?usp=sharing\">23\/21<\/a>)<\/p>\n\n\n\n<p class=\"has-light-green-cyan-background-color has-background\">Uredba o vrsti i postupku objavljivanja propisa i javnosti rada organa uprave, javnih preduze\u0107a, javnih ustanova i pravnih lica \u010diji je osniva\u010d Kanton Sarajevo (\u201cSlu\u017ebene novine Kantona Sarajevo\u201d;&nbsp;<a href=\"https:\/\/drive.google.com\/file\/d\/1EKE9LqL8gzJk36WAuVfgN-R1pOt_cK9A\/view?usp=sharing\">21\/19<\/a>)<\/p>\n\n\n\n<p class=\"has-pale-cyan-blue-background-color has-background\">Uredba o utvr\u0111ivanju vlastitih prihoda, na\u010dina i rokova raspodjele (\u201cSlu\u017ebene novine Kantona Sarajevo\u201d;&nbsp;<a href=\"https:\/\/drive.google.com\/file\/d\/1IxruLPe2xMB6nxO8sbAoh6P9Pdsrazpz\/view?usp=sharing\">51\/16<\/a>)<\/p>\n\n\n\n<p class=\"has-light-green-cyan-background-color has-background\">Uredba o postupku prijema u radni odnos u javnom sektoru na teritoriji Kantona Sarajevo (\u201cSlu\u017ebene novine Kantona Sarajevo\u201d;&nbsp;<a href=\"https:\/\/drive.google.com\/file\/d\/1SjONSSWdPnGzHKwnXu-1vLBNAJjHuOEE\/view?usp=sharing\">19\/21<\/a>)<\/p>\n\n\n\n<p class=\"has-pale-cyan-blue-background-color has-background\">Zakon o ra\u010dunovodstvu i reviziji u Federaciji BiH (\u201cSlu\u017ebene novine FBiH\u201d;&nbsp;<a href=\"https:\/\/drive.google.com\/file\/d\/1j0EbBc_-GZh6IQ5gL6NJvJ0WRX_ttHJv\/view?usp=sharing\">83\/09<\/a>)<\/p>\n\n\n\n<p class=\"has-light-green-cyan-background-color has-background\">Instrukcija o bli\u017eoj primjeni kriterija i vrednovanja prema uredbi o jedinstvenim kriterijima i pravilima za zapo\u0161ljavanje branilaca i \u010dlanova njihovih porodica u institucijama u Kantonu Sarajevo, gradu Sarajevo i op\u0107inama u Kantonu Sarajevo (\u201cSlu\u017ebene novine Kantona Sarajevo\u201d;&nbsp;<a href=\"https:\/\/drive.google.com\/file\/d\/12Qd64c638qSuiWG99Gt0Oge5AvKeO3CL\/view\">38\/20<\/a>)<\/p>\n\n\n\n<p class=\"has-pale-cyan-blue-background-color has-background\">Uredba o jedinstvenim kriterijima i pravilima za zapo\u0161ljavanje branilaca i \u010dlanova njihovih porodica u institucijama u Kantonu Sarajevo, gradu Sarajevo i op\u0107inama&nbsp;u Kantonu Sarajevo (\u201cSlu\u017ebene novine Kantona Sarajevo\u201d;&nbsp;<a href=\"https:\/\/drive.google.com\/file\/d\/1VX6tV2Qyfnf08hpVLMoBVp6mQ4DlXnkG\/view?usp=sharing\">37\/20<\/a>;&nbsp;<a href=\"https:\/\/drive.google.com\/file\/d\/1jiLTnnOo886ExV_61jejR9DrzxeCyduL\/view?usp=sharing\">27\/21<\/a>)<\/p>\n\n\n\n<p class=\"has-light-green-cyan-background-color has-background\">Zakon o javnim nabavkama (\u201cSlu\u017ebeni glasnik Bosne i Hercegovine\u201d;&nbsp;<a href=\"https:\/\/drive.google.com\/open?id=1gk1booVWboKlxh8Euf41ZrzNdcldoL0v\">39\/14<\/a>)<\/p>\n\n\n\n<p class=\"has-pale-cyan-blue-background-color has-background\">Zakon o arhivskoj djelatnosti (\u201cSlu\u017ebene novine Kantona Sarajevo \u201c;&nbsp;<a href=\"https:\/\/drive.google.com\/open?id=1ekGTtuAL7_XqRfSB4prBcX5pA-avYJVK\">50\/16<\/a>)<\/p>\n\n\n\n<p class=\"has-light-green-cyan-background-color has-background\">Zakon o ud\u017ebenicima u Kantonu Sarajevo (\u201cSlu\u017ebene novine Kantona Sarajevo\u201d;&nbsp;<a href=\"https:\/\/drive.google.com\/file\/d\/1V9vqG7VVICYUM8RZ1mgPjAvzgcoxraIG\/view?usp=sharing\">31\/19<\/a>;&nbsp;<a href=\"https:\/\/drive.google.com\/file\/d\/16kYjnncjRaEm65X1fzglBIouuVUww-_D\/view?usp=sharing\">34\/20<\/a>;&nbsp;<a href=\"https:\/\/drive.google.com\/file\/d\/1VnVBG5bdBuquWGw_SILLNJy18i6oWcPi\/view?usp=sharing\">33\/21<\/a>)<\/p>\n\n\n\n<p class=\"has-pale-cyan-blue-background-color has-background\">Zakon o pe\u010datu Kantona Sarajevo (\u201cSlu\u017ebene novine Kantona Sarajevo\u201d;&nbsp;<a href=\"https:\/\/drive.google.com\/file\/d\/1VmVsdS-6snviNhe927bLd5_C3E6DWNpD\/view?usp=sharing\">3\/09<\/a>;&nbsp;<a href=\"https:\/\/drive.google.com\/file\/d\/13kBULRtw1yeRcCOfQva_Ka3TiSSGicN1\/view?usp=sharing\">36\/15<\/a>)<\/p>\n\n\n\n<p class=\"has-light-green-cyan-background-color has-background\">Pravilnik o pra\u0107enju, vrednovanju i ocjenjivanju u\u010denika osnovnih i srednjih \u0161kola u Kantonu Sarajevo (\u201cSlu\u017ebene novine Kantona Sarajevo\u201d;&nbsp;<a href=\"https:\/\/drive.google.com\/file\/d\/12VlQSFSeHxQmlraImAkRyazfbsE01iwv\/view?usp=sharing\">24\/18<\/a>;&nbsp;<a href=\"https:\/\/drive.google.com\/open?id=1zWYTaAh2-w3L8OeSgsVkSmDu_BsanluK\">13\/20<\/a>)<\/p>\n\n\n\n<p class=\"has-pale-cyan-blue-background-color has-background\">Pravilnik o internoj evaluaciji znanja u\u010denika osnovnih i srednjih \u0161kola i eksternoj procjeni znanja u\u010denika osnovnih \u0161kola Kantona Sarajevo (\u201cSlu\u017ebene novine Kantona Sarajevo\u201d;&nbsp;<a href=\"https:\/\/drive.google.com\/file\/d\/1nTAPmU1j9wOsuQQ0ISghdbbtfkOaJnr_\/view?usp=sharing\">15\/18<\/a>)<\/p>\n\n\n\n<p class=\"has-light-green-cyan-background-color has-background\">Pravilnik o polaganju eksterne mature (\u201cSlu\u017ebene novine Kantona Sarajevo\u201d;<a href=\"https:\/\/drive.google.com\/file\/d\/1Z5v1rM76q9I4_lhqxKh4kgX6urVjmqC2\/view?usp=sharing\">&nbsp;25\/18<\/a>;&nbsp;<a href=\"https:\/\/drive.google.com\/file\/d\/1M67-f1gLJrcBNBzGmTzUxLT0Pmt_xvnb\/view?usp=sharing\">17\/19<\/a>;&nbsp;<a href=\"https:\/\/drive.google.com\/file\/d\/1HUOHR-ula2SZurMuNB5HdK5dogeWSW9M\/view?usp=sharing\">24\/19<\/a>)<\/p>\n\n\n\n<p class=\"has-pale-cyan-blue-background-color has-background\">Pravilnik o primjeni informacionog sistema EMIS (\u201cSlu\u017ebene novine Kantona Sarajevo\u201d;&nbsp;<a href=\"https:\/\/drive.google.com\/file\/d\/1MyzLZg0T3Fy5gTZSWNdo7CX4LJhaIEQQ\/view?usp=sharing\">35\/25<\/a>)<\/p>\n\n\n\n<p class=\"has-light-green-cyan-background-color has-background\">Pravilnik o nostrifikaciji i ekvivalenciji inostranih svjedod\u017ebi obrazovnih isprava (\u201cSlu\u017ebene novine Kantona Sarajevo\u201d;&nbsp;<a href=\"https:\/\/drive.google.com\/file\/d\/1JBfvrfAcI8NNlPT3kLNCuGYKmYjymugo\/view?usp=sharing\">10\/25<\/a>)<\/p>\n\n\n\n<p class=\"has-pale-cyan-blue-background-color has-background\">Pravilnik o ocjenjivanju, napredovanju i sticanju stru\u010dnih zvanja odgajatelja, profesora\/nastavnika i stru\u010dnih saradnika u pred\u0161kolskim ustanovama, osnovnim, srednjim \u0161kolama i domovima u\u010denika (\u201cSlu\u017ebene novine Kantona Sarajevo\u201d;&nbsp;<a href=\"https:\/\/drive.google.com\/file\/d\/1HLt_Zz3XgMDzx3IXy0AODGlLU4WHHIj2\/view?usp=sharing\">19\/04<\/a>)<\/p>\n\n\n\n<p class=\"has-light-green-cyan-background-color has-background\">Pravilnik o stru\u010dnom usavr\u0161avanju odgajatelja, profesora\/nastavnika i stru\u010dnih saradnika u pred\u0161kolskim ustanovama, osnovnim, srednjim \u0161kolama i domovima u\u010denika (\u201cSlu\u017ebene novine Kantona Sarajevo\u201d;&nbsp;<a href=\"https:\/\/drive.google.com\/file\/d\/1iJLMh3uIUUa5nIpm9nqVtLADlh-XMj93\/view?usp=sharing\">19\/04<\/a>)<\/p>\n\n\n\n<p class=\"has-pale-cyan-blue-background-color has-background\">Pravilnik o kancelarijskom poslovanju u Federaciji Bosne i Hercegovine (\u201cSlu\u017ebene novine Federacije BiH\u201d;&nbsp;<a href=\"https:\/\/drive.google.com\/file\/d\/10dDgXYDt6VxlTkzgfUwDbmUQST5Em-l0\/view?usp=sharing\">96\/19<\/a>)<\/p>\n\n\n\n<p class=\"has-light-green-cyan-background-color has-background\">Pravilnik o uslovima i na\u010dinu primopredaje arhivske gra\u0111e izme\u0111u stvaraoca i imaoca i arhiva (\u201cSlu\u017ebene novine Kantona Sarajevo\u201d;&nbsp;<a href=\"https:\/\/drive.google.com\/file\/d\/1dPcJrcLwdv0O7fCHqKdOLWBUpLWAeMm7\/view?usp=sharing\">40\/18<\/a>)<\/p>\n\n\n\n<p class=\"has-pale-cyan-blue-background-color has-background\">Pravilnik o sadr\u017eini i na\u010dinu vo\u0111enja registra kategorisane arhivske gra\u0111e (\u201cSlu\u017ebene novine Kantona Sarajevo\u201d;&nbsp;<a href=\"https:\/\/drive.google.com\/file\/d\/1e3KlfPrgxR53Z-fLgfqbhspXedxJsIlp\/view?usp=sharing\">40\/18<\/a>)<\/p>\n\n\n\n<p class=\"has-light-green-cyan-background-color has-background\">Pravilnik o za\u0161titi i \u010duvanju arhivske i registraturne gra\u0111e izvan arhiva (\u201cSlu\u017ebene novine Kantona Sarajevo\u201d;&nbsp;<a href=\"https:\/\/drive.google.com\/file\/d\/1ljWc36fnxEZ10igRDOzFMd1W-rIKwHpH\/view?usp=sharing\">40\/18<\/a>)<\/p>\n\n\n\n<p class=\"has-pale-cyan-blue-background-color has-background\">Pravilnik o vrednovanju i odabiranju arhivske gra\u0111e (\u201cSlu\u017ebene novine Kantona Sarajevo\u201d;&nbsp;<a href=\"https:\/\/drive.google.com\/file\/d\/14wvsJhPKP-WWO6yEUPxpY7AcM_NfVTtL\/view?usp=sharing\">40\/18<\/a>)<\/p>\n\n\n\n<p class=\"has-light-green-cyan-background-color has-background\">Odluka o standardima i kriterijima za izbor i imenovanje \u010dlanova \u0161kolskih odbora osnovnih i srednjih \u0161kola u Kantonu Sarajevo (\u201cSlu\u017ebene novine Kantona Sarajevo\u201d;&nbsp;<a href=\"https:\/\/drive.google.com\/file\/d\/1Mjme-YWq8LbwaT3Vw9bl7smU_2GDeaSi\/view?usp=sharing\">39\/24<\/a>)<\/p>\n\n\n\n<p class=\"has-pale-cyan-blue-background-color has-background\">Uredba o kontroli javnih nabavki u svim institucijama \u010diji je osniva\u010d Kanton Sarajevo (\u201cSlu\u017ebene novine Kantona Sarajevo\u201d;&nbsp;<a href=\"https:\/\/drive.google.com\/open?id=1YTxmaMHiOhVJ-ZKy1Jx_RHbJY7X2_OJu\">27\/19; 29\/19; 48\/19<\/a>;&nbsp;<a href=\"https:\/\/drive.google.com\/file\/d\/1vai9GI14_-M9o4JzAnEFIKpdTq2ZaaEs\/view?usp=sharing\">13\/20<\/a>)<\/p>\n","protected":false},"excerpt":{"rendered":"<p>Zakon o radu (\u201cSlu\u017ebene novine Federacije BiH\u201d;\u00a026\/16; 89\/18; 44\/22; 39\/24); Zakon o dopunama zakona o radu (\u201cSlu\u017ebene novine Federacije BiH\u201d;\u00a039\/24) Zakon o odgoju i obrazovanju u osnovnoj i srednjoj \u0161koli Kantona Sarajevo (\u201cSlu\u017ebene novine Kantona Sarajevo\u201d;&nbsp;27\/24) Kolektivni ugovor za djelatnosti pred\u0161kolskog odgoja&#8230;<\/p>\n","protected":false},"author":1,"featured_media":0,"parent":0,"menu_order":0,"comment_status":"closed","ping_status":"closed","template":"","meta":{"footnotes":""},"class_list":["post-3826","page","type-page","status-publish","hentry"],"_links":{"self":[{"href":"https:\/\/osvrhbosna.edu.ba\/index.php\/wp-json\/wp\/v2\/pages\/3826","targetHints":{"allow":["GET"]}}],"collection":[{"href":"https:\/\/osvrhbosna.edu.ba\/index.php\/wp-json\/wp\/v2\/pages"}],"about":[{"href":"https:\/\/osvrhbosna.edu.ba\/index.php\/wp-json\/wp\/v2\/types\/page"}],"author":[{"embeddable":true,"href":"https:\/\/osvrhbosna.edu.ba\/index.php\/wp-json\/wp\/v2\/users\/1"}],"replies":[{"embeddable":true,"href":"https:\/\/osvrhbosna.edu.ba\/index.php\/wp-json\/wp\/v2\/comments?post=3826"}],"version-history":[{"count":3,"href":"https:\/\/osvrhbosna.edu.ba\/index.php\/wp-json\/wp\/v2\/pages\/3826\/revisions"}],"predecessor-version":[{"id":3833,"href":"https:\/\/osvrhbosna.edu.ba\/index.php\/wp-json\/wp\/v2\/pages\/3826\/revisions\/3833"}],"wp:attachment":[{"href":"https:\/\/osvrhbosna.edu.ba\/index.php\/wp-json\/wp\/v2\/media?parent=3826"}],"curies":[{"name":"wp","href":"https:\/\/api.w.org\/{rel}","templated":true}]}}