{"id":790,"date":"2022-09-29T09:56:52","date_gmt":"2022-09-29T09:56:52","guid":{"rendered":"http:\/\/osvrhbosna.edu.ba\/?page_id=790"},"modified":"2024-01-24T06:24:07","modified_gmt":"2024-01-24T06:24:07","slug":"odluke","status":"publish","type":"page","link":"https:\/\/osvrhbosna.edu.ba\/index.php\/odluke\/","title":{"rendered":"Odluke"},"content":{"rendered":"\t\t<div data-elementor-type=\"wp-page\" data-elementor-id=\"790\" class=\"elementor elementor-790\">\n\t\t\t\t\t\t<section class=\"elementor-section elementor-top-section elementor-element elementor-element-1c42dc2 elementor-section-boxed elementor-section-height-default elementor-section-height-default\" data-id=\"1c42dc2\" data-element_type=\"section\" data-e-type=\"section\">\n\t\t\t\t\t\t<div class=\"elementor-container elementor-column-gap-default\">\n\t\t\t\t\t<div class=\"elementor-column elementor-col-100 elementor-top-column elementor-element elementor-element-d885da9\" data-id=\"d885da9\" data-element_type=\"column\" data-e-type=\"column\">\n\t\t\t<div class=\"elementor-widget-wrap elementor-element-populated\">\n\t\t\t\t\t\t<div class=\"elementor-element elementor-element-f3b3b24 elementor-align-justify elementor-widget elementor-widget-button\" data-id=\"f3b3b24\" data-element_type=\"widget\" data-e-type=\"widget\" data-widget_type=\"button.default\">\n\t\t\t\t<div class=\"elementor-widget-container\">\n\t\t\t\t\t\t\t\t\t<div class=\"elementor-button-wrapper\">\n\t\t\t\t\t<a class=\"elementor-button elementor-button-link elementor-size-lg\" href=\"https:\/\/osvrhbosna.edu.ba\/wp-content\/uploads\/2024\/01\/odluka-i-pravilnik-o-sticanju-i-raspodjeli-vlastitih-prihoda.pdf\" target=\"_blank\">\n\t\t\t\t\t\t<span class=\"elementor-button-content-wrapper\">\n\t\t\t\t\t\t\t\t\t<span class=\"elementor-button-text\">Odluka o davanju saglasnosti na pravilnik o sticanju i raspodjeli vlastitih javnih prihoda Javne ustanove O\u0160 Vrhbosna<\/span>\n\t\t\t\t\t<\/span>\n\t\t\t\t\t<\/a>\n\t\t\t\t<\/div>\n\t\t\t\t\t\t\t\t<\/div>\n\t\t\t\t<\/div>\n\t\t\t\t\t<\/div>\n\t\t<\/div>\n\t\t\t\t\t<\/div>\n\t\t<\/section>\n\t\t\t\t<section class=\"elementor-section elementor-top-section elementor-element elementor-element-873ce8b elementor-section-boxed elementor-section-height-default elementor-section-height-default\" data-id=\"873ce8b\" data-element_type=\"section\" data-e-type=\"section\">\n\t\t\t\t\t\t<div class=\"elementor-container elementor-column-gap-default\">\n\t\t\t\t\t<div class=\"elementor-column elementor-col-100 elementor-top-column elementor-element elementor-element-8acdbeb\" data-id=\"8acdbeb\" data-element_type=\"column\" data-e-type=\"column\">\n\t\t\t<div class=\"elementor-widget-wrap elementor-element-populated\">\n\t\t\t\t\t\t<div class=\"elementor-element elementor-element-9e70c7e elementor-button-danger elementor-align-justify elementor-widget elementor-widget-button\" data-id=\"9e70c7e\" data-element_type=\"widget\" data-e-type=\"widget\" data-widget_type=\"button.default\">\n\t\t\t\t<div class=\"elementor-widget-container\">\n\t\t\t\t\t\t\t\t\t<div class=\"elementor-button-wrapper\">\n\t\t\t\t\t<a class=\"elementor-button elementor-button-link elementor-size-lg\" href=\"https:\/\/osvrhbosna.edu.ba\/wp-content\/uploads\/2023\/05\/00206B3C4ECE230511103300-1.pdf\" target=\"_blank\">\n\t\t\t\t\t\t<span class=\"elementor-button-content-wrapper\">\n\t\t\t\t\t\t\t\t\t<span class=\"elementor-button-text\">ODLUKA O KRITERIJIMA ZA UPIS U\u010cENIKA U PRVI RAZRED SREDNJIH \u0160KOLA U KANTONU SARAJEVO<\/span>\n\t\t\t\t\t<\/span>\n\t\t\t\t\t<\/a>\n\t\t\t\t<\/div>\n\t\t\t\t\t\t\t\t<\/div>\n\t\t\t\t<\/div>\n\t\t\t\t\t<\/div>\n\t\t<\/div>\n\t\t\t\t\t<\/div>\n\t\t<\/section>\n\t\t\t\t<section class=\"elementor-section elementor-top-section elementor-element elementor-element-13ddbff elementor-section-boxed elementor-section-height-default elementor-section-height-default\" data-id=\"13ddbff\" data-element_type=\"section\" data-e-type=\"section\">\n\t\t\t\t\t\t<div class=\"elementor-container elementor-column-gap-default\">\n\t\t\t\t\t<div class=\"elementor-column elementor-col-100 elementor-top-column elementor-element elementor-element-8b0eb01\" data-id=\"8b0eb01\" data-element_type=\"column\" data-e-type=\"column\">\n\t\t\t<div class=\"elementor-widget-wrap elementor-element-populated\">\n\t\t\t\t\t\t<div class=\"elementor-element elementor-element-92b5461 elementor-button-warning elementor-align-justify elementor-widget elementor-widget-button\" data-id=\"92b5461\" data-element_type=\"widget\" data-e-type=\"widget\" data-widget_type=\"button.default\">\n\t\t\t\t<div class=\"elementor-widget-container\">\n\t\t\t\t\t\t\t\t\t<div class=\"elementor-button-wrapper\">\n\t\t\t\t\t<a class=\"elementor-button elementor-button-link elementor-size-lg\" href=\"https:\/\/osvrhbosna.edu.ba\/wp-content\/uploads\/2022\/10\/Odluka-o-ispl.novcane-naknade-za-prijevoz-na-posao-i-s-poslaok.pdf\" target=\"_blank\">\n\t\t\t\t\t\t<span class=\"elementor-button-content-wrapper\">\n\t\t\t\t\t\t\t\t\t<span class=\"elementor-button-text\">Odluka o isplati nov\u010danih sredstava za tro\u0161kove prijevoza na posao i sa posla za mjesec oktobar<\/span>\n\t\t\t\t\t<\/span>\n\t\t\t\t\t<\/a>\n\t\t\t\t<\/div>\n\t\t\t\t\t\t\t\t<\/div>\n\t\t\t\t<\/div>\n\t\t\t\t\t<\/div>\n\t\t<\/div>\n\t\t\t\t\t<\/div>\n\t\t<\/section>\n\t\t\t\t<section class=\"elementor-section elementor-top-section elementor-element elementor-element-3c441ce elementor-section-boxed elementor-section-height-default elementor-section-height-default\" data-id=\"3c441ce\" data-element_type=\"section\" data-e-type=\"section\">\n\t\t\t\t\t\t<div class=\"elementor-container elementor-column-gap-default\">\n\t\t\t\t\t<div class=\"elementor-column elementor-col-100 elementor-top-column elementor-element elementor-element-992b1bc\" data-id=\"992b1bc\" data-element_type=\"column\" data-e-type=\"column\">\n\t\t\t<div class=\"elementor-widget-wrap elementor-element-populated\">\n\t\t\t\t\t\t<div class=\"elementor-element elementor-element-47be9dc elementor-button-success elementor-align-justify elementor-widget elementor-widget-button\" data-id=\"47be9dc\" data-element_type=\"widget\" data-e-type=\"widget\" data-widget_type=\"button.default\">\n\t\t\t\t<div class=\"elementor-widget-container\">\n\t\t\t\t\t\t\t\t\t<div class=\"elementor-button-wrapper\">\n\t\t\t\t\t<a class=\"elementor-button elementor-button-link elementor-size-lg\" href=\"https:\/\/osvrhbosna.edu.ba\/wp-content\/uploads\/2022\/09\/Odluka-o-isplati-novcanih-sredstava-za-tr.prijevoza-na-posao-i-1.pdf\" target=\"_blank\">\n\t\t\t\t\t\t<span class=\"elementor-button-content-wrapper\">\n\t\t\t\t\t\t\t\t\t<span class=\"elementor-button-text\">Odluka o isplati nov\u010danih sredstava za tro\u0161kove prijevoza na posao i sa posla za mjesec septembar<\/span>\n\t\t\t\t\t<\/span>\n\t\t\t\t\t<\/a>\n\t\t\t\t<\/div>\n\t\t\t\t\t\t\t\t<\/div>\n\t\t\t\t<\/div>\n\t\t\t\t\t<\/div>\n\t\t<\/div>\n\t\t\t\t\t<\/div>\n\t\t<\/section>\n\t\t\t\t<section class=\"elementor-section elementor-top-section elementor-element elementor-element-54bb1bb elementor-section-boxed elementor-section-height-default elementor-section-height-default\" data-id=\"54bb1bb\" data-element_type=\"section\" data-e-type=\"section\">\n\t\t\t\t\t\t<div class=\"elementor-container elementor-column-gap-default\">\n\t\t\t\t\t<div class=\"elementor-column elementor-col-100 elementor-top-column elementor-element elementor-element-8f63dc7\" data-id=\"8f63dc7\" data-element_type=\"column\" data-e-type=\"column\">\n\t\t\t<div class=\"elementor-widget-wrap elementor-element-populated\">\n\t\t\t\t\t\t<div class=\"elementor-element elementor-element-d565a6d elementor-button-info elementor-align-justify elementor-widget elementor-widget-button\" data-id=\"d565a6d\" data-element_type=\"widget\" data-e-type=\"widget\" data-widget_type=\"button.default\">\n\t\t\t\t<div class=\"elementor-widget-container\">\n\t\t\t\t\t\t\t\t\t<div class=\"elementor-button-wrapper\">\n\t\t\t\t\t<a class=\"elementor-button elementor-button-link elementor-size-lg\" href=\"https:\/\/osvrhbosna.edu.ba\/wp-content\/uploads\/2022\/10\/Odluka-o-imenovanju-ovl.lica-za-prijem-prijave-korupcije.....pdf\" target=\"_blank\">\n\t\t\t\t\t\t<span class=\"elementor-button-content-wrapper\">\n\t\t\t\t\t\t\t\t\t<span class=\"elementor-button-text\">Odluka o imenovanju ovla\u0161tenih lica za prijem prijave korupcije<\/span>\n\t\t\t\t\t<\/span>\n\t\t\t\t\t<\/a>\n\t\t\t\t<\/div>\n\t\t\t\t\t\t\t\t<\/div>\n\t\t\t\t<\/div>\n\t\t\t\t\t<\/div>\n\t\t<\/div>\n\t\t\t\t\t<\/div>\n\t\t<\/section>\n\t\t\t\t<\/div>\n\t\t","protected":false},"excerpt":{"rendered":"<p>Odluka o davanju saglasnosti na pravilnik o sticanju i raspodjeli vlastitih javnih prihoda Javne ustanove O\u0160 Vrhbosna ODLUKA O KRITERIJIMA ZA UPIS U\u010cENIKA U PRVI RAZRED SREDNJIH \u0160KOLA U KANTONU SARAJEVO Odluka o isplati nov\u010danih sredstava za tro\u0161kove prijevoza na posao i&#8230;<\/p>\n","protected":false},"author":1,"featured_media":0,"parent":0,"menu_order":0,"comment_status":"closed","ping_status":"closed","template":"","meta":{"footnotes":""},"class_list":["post-790","page","type-page","status-publish","hentry"],"_links":{"self":[{"href":"https:\/\/osvrhbosna.edu.ba\/index.php\/wp-json\/wp\/v2\/pages\/790","targetHints":{"allow":["GET"]}}],"collection":[{"href":"https:\/\/osvrhbosna.edu.ba\/index.php\/wp-json\/wp\/v2\/pages"}],"about":[{"href":"https:\/\/osvrhbosna.edu.ba\/index.php\/wp-json\/wp\/v2\/types\/page"}],"author":[{"embeddable":true,"href":"https:\/\/osvrhbosna.edu.ba\/index.php\/wp-json\/wp\/v2\/users\/1"}],"replies":[{"embeddable":true,"href":"https:\/\/osvrhbosna.edu.ba\/index.php\/wp-json\/wp\/v2\/comments?post=790"}],"version-history":[{"count":30,"href":"https:\/\/osvrhbosna.edu.ba\/index.php\/wp-json\/wp\/v2\/pages\/790\/revisions"}],"predecessor-version":[{"id":3122,"href":"https:\/\/osvrhbosna.edu.ba\/index.php\/wp-json\/wp\/v2\/pages\/790\/revisions\/3122"}],"wp:attachment":[{"href":"https:\/\/osvrhbosna.edu.ba\/index.php\/wp-json\/wp\/v2\/media?parent=790"}],"curies":[{"name":"wp","href":"https:\/\/api.w.org\/{rel}","templated":true}]}}