{"id":93,"date":"2022-08-30T21:02:02","date_gmt":"2022-08-30T21:02:02","guid":{"rendered":"http:\/\/osvrhbosna.edu.ba\/?page_id=93"},"modified":"2023-11-16T10:52:36","modified_gmt":"2023-11-16T10:52:36","slug":"mobilni-strucni-tim","status":"publish","type":"page","link":"https:\/\/osvrhbosna.edu.ba\/index.php\/mobilni-strucni-tim\/","title":{"rendered":"Mobilni stru\u010dni tim"},"content":{"rendered":"\t\t<div data-elementor-type=\"wp-page\" data-elementor-id=\"93\" class=\"elementor elementor-93\">\n\t\t\t\t\t\t<section class=\"elementor-section elementor-top-section elementor-element elementor-element-34bed48 elementor-section-boxed elementor-section-height-default elementor-section-height-default\" data-id=\"34bed48\" data-element_type=\"section\" data-e-type=\"section\">\n\t\t\t\t\t\t<div class=\"elementor-container elementor-column-gap-default\">\n\t\t\t\t\t<div class=\"elementor-column elementor-col-33 elementor-top-column elementor-element elementor-element-cb74f98\" data-id=\"cb74f98\" data-element_type=\"column\" data-e-type=\"column\">\n\t\t\t<div class=\"elementor-widget-wrap elementor-element-populated\">\n\t\t\t\t\t\t<div class=\"elementor-element elementor-element-89d10f1 elementor-widget elementor-widget-elementskit-team\" data-id=\"89d10f1\" data-element_type=\"widget\" data-e-type=\"widget\" data-widget_type=\"elementskit-team.default\">\n\t\t\t\t<div class=\"elementor-widget-container\">\n\t\t\t\t\t<div class=\"ekit-wid-con\">\t\t\t\t\t\t\t\t\n\t\t<div class=\"profile-card elementor-animation- text-center ekit-team-style-default\">\n\t\t\t\n\t\t\t\t<div class=\"profile-header ekit-team-img ekit-img-overlay ekit-team-img-block\" >\n\t\t\t\t\t<img fetchpriority=\"high\" decoding=\"async\" width=\"640\" height=\"642\" src=\"https:\/\/osvrhbosna.edu.ba\/wp-content\/uploads\/2022\/08\/female-profile-icon-6.png\" class=\"attachment-large size-large wp-image-386\" alt=\"\" srcset=\"https:\/\/osvrhbosna.edu.ba\/wp-content\/uploads\/2022\/08\/female-profile-icon-6.png 718w, https:\/\/osvrhbosna.edu.ba\/wp-content\/uploads\/2022\/08\/female-profile-icon-6-300x300.png 300w, https:\/\/osvrhbosna.edu.ba\/wp-content\/uploads\/2022\/08\/female-profile-icon-6-150x150.png 150w, https:\/\/osvrhbosna.edu.ba\/wp-content\/uploads\/2022\/08\/female-profile-icon-6-400x400.png 400w\" sizes=\"(max-width: 640px) 100vw, 640px\" \/>\t\t\t\t<\/div><!-- .profile-header END -->\n\t\t\t\n\n\t\t\t\t<div class=\"profile-body\">\n\t\t\t\t\t\n\t\t\t\t\t<h2 class=\"profile-title\">\n\t\t\t\t\t\t\t\t\t\t\tMirela Me\u0161anovi\u0107\t\t\t\t\t\t\t\t\t\t<\/h2>\n\t\t\t\t\t<p class=\"profile-designation\">Defektolog<\/p>\n\t\t\t\t\t\t\t\t\t<\/div><!-- .profile-body END -->\n\n\t\t\t\t\t\t\t\t<\/div>\n\t\t\t\t\t\t\t\n\t\t\t\n\t\t\t\t<\/div>\t\t\t\t<\/div>\n\t\t\t\t<\/div>\n\t\t\t\t\t<\/div>\n\t\t<\/div>\n\t\t\t\t<div class=\"elementor-column elementor-col-33 elementor-top-column elementor-element elementor-element-86a4be1\" data-id=\"86a4be1\" data-element_type=\"column\" data-e-type=\"column\">\n\t\t\t<div class=\"elementor-widget-wrap elementor-element-populated\">\n\t\t\t\t\t\t<div class=\"elementor-element elementor-element-9e514cc elementor-widget elementor-widget-elementskit-team\" data-id=\"9e514cc\" data-element_type=\"widget\" data-e-type=\"widget\" data-widget_type=\"elementskit-team.default\">\n\t\t\t\t<div class=\"elementor-widget-container\">\n\t\t\t\t\t<div class=\"ekit-wid-con\">\t\t\t\t\t\t\t\t\n\t\t<div class=\"profile-card elementor-animation- text-center ekit-team-style-default\">\n\t\t\t\n\t\t\t\t<div class=\"profile-header ekit-team-img ekit-img-overlay ekit-team-img-block\" >\n\t\t\t\t\t<img decoding=\"async\" width=\"640\" height=\"853\" src=\"https:\/\/osvrhbosna.edu.ba\/wp-content\/uploads\/2023\/11\/pro-JeXLVLrn-768x1024.jpeg\" class=\"attachment-large size-large wp-image-2580\" alt=\"\" srcset=\"https:\/\/osvrhbosna.edu.ba\/wp-content\/uploads\/2023\/11\/pro-JeXLVLrn-768x1024.jpeg 768w, https:\/\/osvrhbosna.edu.ba\/wp-content\/uploads\/2023\/11\/pro-JeXLVLrn-225x300.jpeg 225w, https:\/\/osvrhbosna.edu.ba\/wp-content\/uploads\/2023\/11\/pro-JeXLVLrn-1152x1536.jpeg 1152w, https:\/\/osvrhbosna.edu.ba\/wp-content\/uploads\/2023\/11\/pro-JeXLVLrn.jpeg 1200w\" sizes=\"(max-width: 640px) 100vw, 640px\" \/>\t\t\t\t<\/div><!-- .profile-header END -->\n\t\t\t\n\n\t\t\t\t<div class=\"profile-body\">\n\t\t\t\t\t\n\t\t\t\t\t<h2 class=\"profile-title\">\n\t\t\t\t\t\t\t\t\t\t\tLejla Muminovi\u0107\t\t\t\t\t\t\t\t\t\t<\/h2>\n\t\t\t\t\t<p class=\"profile-designation\">Psiholog<\/p>\n\t\t\t\t\t\t\t\t\t<\/div><!-- .profile-body END -->\n\n\t\t\t\t\t\t\t\t<\/div>\n\t\t\t\t\t\t\t\n\t\t\t\n\t\t\t\t<\/div>\t\t\t\t<\/div>\n\t\t\t\t<\/div>\n\t\t\t\t\t<\/div>\n\t\t<\/div>\n\t\t\t\t<div class=\"elementor-column elementor-col-33 elementor-top-column elementor-element elementor-element-29be30a\" data-id=\"29be30a\" data-element_type=\"column\" data-e-type=\"column\">\n\t\t\t<div class=\"elementor-widget-wrap elementor-element-populated\">\n\t\t\t\t\t\t<div class=\"elementor-element elementor-element-32a3d43 elementor-widget elementor-widget-elementskit-team\" data-id=\"32a3d43\" data-element_type=\"widget\" data-e-type=\"widget\" data-widget_type=\"elementskit-team.default\">\n\t\t\t\t<div class=\"elementor-widget-container\">\n\t\t\t\t\t<div class=\"ekit-wid-con\">\t\t\t\t\t\t\t\t\n\t\t<div class=\"profile-card elementor-animation- text-center ekit-team-style-default\">\n\t\t\t\n\t\t\t\t<div class=\"profile-header ekit-team-img ekit-img-overlay ekit-team-img-block\" >\n\t\t\t\t\t<img fetchpriority=\"high\" decoding=\"async\" width=\"640\" height=\"642\" src=\"https:\/\/osvrhbosna.edu.ba\/wp-content\/uploads\/2022\/08\/female-profile-icon-6.png\" class=\"attachment-large size-large wp-image-386\" alt=\"\" srcset=\"https:\/\/osvrhbosna.edu.ba\/wp-content\/uploads\/2022\/08\/female-profile-icon-6.png 718w, https:\/\/osvrhbosna.edu.ba\/wp-content\/uploads\/2022\/08\/female-profile-icon-6-300x300.png 300w, https:\/\/osvrhbosna.edu.ba\/wp-content\/uploads\/2022\/08\/female-profile-icon-6-150x150.png 150w, https:\/\/osvrhbosna.edu.ba\/wp-content\/uploads\/2022\/08\/female-profile-icon-6-400x400.png 400w\" sizes=\"(max-width: 640px) 100vw, 640px\" \/>\t\t\t\t<\/div><!-- .profile-header END -->\n\t\t\t\n\n\t\t\t\t<div class=\"profile-body\">\n\t\t\t\t\t\n\t\t\t\t\t<h2 class=\"profile-title\">\n\t\t\t\t\t\t\t\t\t\t\tHanka Daul\t\t\t\t\t\t\t\t\t\t<\/h2>\n\t\t\t\t\t<p class=\"profile-designation\">Logoped<\/p>\n\t\t\t\t\t\t\t\t\t<\/div><!-- .profile-body END -->\n\n\t\t\t\t\t\t\t\t<\/div>\n\t\t\t\t\t\t\t\n\t\t\t\n\t\t\t\t<\/div>\t\t\t\t<\/div>\n\t\t\t\t<\/div>\n\t\t\t\t\t<\/div>\n\t\t<\/div>\n\t\t\t\t\t<\/div>\n\t\t<\/section>\n\t\t\t\t<\/div>\n\t\t","protected":false},"excerpt":{"rendered":"<p>Mirela Me\u0161anovi\u0107 Defektolog Lejla Muminovi\u0107 Psiholog Hanka Daul Logoped<\/p>\n","protected":false},"author":1,"featured_media":0,"parent":0,"menu_order":0,"comment_status":"closed","ping_status":"closed","template":"","meta":{"footnotes":""},"class_list":["post-93","page","type-page","status-publish","hentry"],"_links":{"self":[{"href":"https:\/\/osvrhbosna.edu.ba\/index.php\/wp-json\/wp\/v2\/pages\/93","targetHints":{"allow":["GET"]}}],"collection":[{"href":"https:\/\/osvrhbosna.edu.ba\/index.php\/wp-json\/wp\/v2\/pages"}],"about":[{"href":"https:\/\/osvrhbosna.edu.ba\/index.php\/wp-json\/wp\/v2\/types\/page"}],"author":[{"embeddable":true,"href":"https:\/\/osvrhbosna.edu.ba\/index.php\/wp-json\/wp\/v2\/users\/1"}],"replies":[{"embeddable":true,"href":"https:\/\/osvrhbosna.edu.ba\/index.php\/wp-json\/wp\/v2\/comments?post=93"}],"version-history":[{"count":22,"href":"https:\/\/osvrhbosna.edu.ba\/index.php\/wp-json\/wp\/v2\/pages\/93\/revisions"}],"predecessor-version":[{"id":2602,"href":"https:\/\/osvrhbosna.edu.ba\/index.php\/wp-json\/wp\/v2\/pages\/93\/revisions\/2602"}],"wp:attachment":[{"href":"https:\/\/osvrhbosna.edu.ba\/index.php\/wp-json\/wp\/v2\/media?parent=93"}],"curies":[{"name":"wp","href":"https:\/\/api.w.org\/{rel}","templated":true}]}}