{"id":94,"date":"2022-08-30T21:02:02","date_gmt":"2022-08-30T21:02:02","guid":{"rendered":"http:\/\/osvrhbosna.edu.ba\/?page_id=94"},"modified":"2023-11-22T12:07:33","modified_gmt":"2023-11-22T12:07:33","slug":"tehnicko-osoblje","status":"publish","type":"page","link":"https:\/\/osvrhbosna.edu.ba\/index.php\/tehnicko-osoblje\/","title":{"rendered":"Tehni\u010dko osoblje"},"content":{"rendered":"\t\t<div data-elementor-type=\"wp-page\" data-elementor-id=\"94\" class=\"elementor elementor-94\">\n\t\t\t\t\t\t<section class=\"elementor-section elementor-top-section elementor-element elementor-element-6d47f83 elementor-section-boxed elementor-section-height-default elementor-section-height-default\" data-id=\"6d47f83\" data-element_type=\"section\" data-e-type=\"section\">\n\t\t\t\t\t\t<div class=\"elementor-container elementor-column-gap-default\">\n\t\t\t\t\t<div class=\"elementor-column elementor-col-25 elementor-top-column elementor-element elementor-element-a7c585e\" data-id=\"a7c585e\" data-element_type=\"column\" data-e-type=\"column\">\n\t\t\t<div class=\"elementor-widget-wrap elementor-element-populated\">\n\t\t\t\t\t\t<div class=\"elementor-element elementor-element-411b78a elementor-widget elementor-widget-elementskit-team\" data-id=\"411b78a\" data-element_type=\"widget\" data-e-type=\"widget\" data-widget_type=\"elementskit-team.default\">\n\t\t\t\t<div class=\"elementor-widget-container\">\n\t\t\t\t\t<div class=\"ekit-wid-con\">\t\t\t\t\t\t\t\t\n\t\t<div class=\"profile-card elementor-animation- text-center ekit-team-style-default\">\n\t\t\t\n\t\t\t\t<div class=\"profile-header ekit-team-img ekit-img-overlay ekit-team-img-block\" >\n\t\t\t\t\t<img fetchpriority=\"high\" decoding=\"async\" width=\"640\" height=\"642\" src=\"https:\/\/osvrhbosna.edu.ba\/wp-content\/uploads\/2022\/08\/female-profile-icon-6.png\" class=\"attachment-large size-large wp-image-386\" alt=\"\" srcset=\"https:\/\/osvrhbosna.edu.ba\/wp-content\/uploads\/2022\/08\/female-profile-icon-6.png 718w, https:\/\/osvrhbosna.edu.ba\/wp-content\/uploads\/2022\/08\/female-profile-icon-6-300x300.png 300w, https:\/\/osvrhbosna.edu.ba\/wp-content\/uploads\/2022\/08\/female-profile-icon-6-150x150.png 150w, https:\/\/osvrhbosna.edu.ba\/wp-content\/uploads\/2022\/08\/female-profile-icon-6-400x400.png 400w\" sizes=\"(max-width: 640px) 100vw, 640px\" \/>\t\t\t\t<\/div><!-- .profile-header END -->\n\t\t\t\n\n\t\t\t\t<div class=\"profile-body\">\n\t\t\t\t\t\n\t\t\t\t\t<h2 class=\"profile-title\">\n\t\t\t\t\t\t\t\t\t\t\tZumra Ja\u0161arevi\u0107\t\t\t\t\t\t\t\t\t\t<\/h2>\n\t\t\t\t\t<p class=\"profile-designation\">Sprema\u010dica<\/p>\n\t\t\t\t\t\t\t\t\t<\/div><!-- .profile-body END -->\n\n\t\t\t\t\t\t\t\t<\/div>\n\t\t\t\t\t\t\t\n\t\t\t\n\t\t\t\t<\/div>\t\t\t\t<\/div>\n\t\t\t\t<\/div>\n\t\t\t\t\t<\/div>\n\t\t<\/div>\n\t\t\t\t<div class=\"elementor-column elementor-col-25 elementor-top-column elementor-element elementor-element-be7fe8e\" data-id=\"be7fe8e\" data-element_type=\"column\" data-e-type=\"column\">\n\t\t\t<div class=\"elementor-widget-wrap elementor-element-populated\">\n\t\t\t\t\t\t<div class=\"elementor-element elementor-element-47e3eb0 elementor-widget elementor-widget-elementskit-team\" data-id=\"47e3eb0\" data-element_type=\"widget\" data-e-type=\"widget\" data-widget_type=\"elementskit-team.default\">\n\t\t\t\t<div class=\"elementor-widget-container\">\n\t\t\t\t\t<div class=\"ekit-wid-con\">\t\t\t\t\t\t\t\t\n\t\t<div class=\"profile-card elementor-animation- text-center ekit-team-style-default\">\n\t\t\t\n\t\t\t\t<div class=\"profile-header ekit-team-img ekit-img-overlay ekit-team-img-block\" >\n\t\t\t\t\t<img decoding=\"async\" width=\"640\" height=\"853\" src=\"https:\/\/osvrhbosna.edu.ba\/wp-content\/uploads\/2023\/11\/viber_image_2023-11-20_08-46-23-946-768x1024.jpg\" class=\"attachment-large size-large wp-image-2908\" alt=\"\" srcset=\"https:\/\/osvrhbosna.edu.ba\/wp-content\/uploads\/2023\/11\/viber_image_2023-11-20_08-46-23-946-768x1024.jpg 768w, https:\/\/osvrhbosna.edu.ba\/wp-content\/uploads\/2023\/11\/viber_image_2023-11-20_08-46-23-946-225x300.jpg 225w, https:\/\/osvrhbosna.edu.ba\/wp-content\/uploads\/2023\/11\/viber_image_2023-11-20_08-46-23-946-1152x1536.jpg 1152w, https:\/\/osvrhbosna.edu.ba\/wp-content\/uploads\/2023\/11\/viber_image_2023-11-20_08-46-23-946.jpg 1200w\" sizes=\"(max-width: 640px) 100vw, 640px\" \/>\t\t\t\t<\/div><!-- .profile-header END -->\n\t\t\t\n\n\t\t\t\t<div class=\"profile-body\">\n\t\t\t\t\t\n\t\t\t\t\t<h2 class=\"profile-title\">\n\t\t\t\t\t\t\t\t\t\t\tSabaha A\u0161\u0107eri\u0107\t\t\t\t\t\t\t\t\t\t<\/h2>\n\t\t\t\t\t<p class=\"profile-designation\">Sprema\u010dica<\/p>\n\t\t\t\t\t\t\t\t\t<\/div><!-- .profile-body END -->\n\n\t\t\t\t\t\t\t\t<\/div>\n\t\t\t\t\t\t\t\n\t\t\t\n\t\t\t\t<\/div>\t\t\t\t<\/div>\n\t\t\t\t<\/div>\n\t\t\t\t\t<\/div>\n\t\t<\/div>\n\t\t\t\t<div class=\"elementor-column elementor-col-25 elementor-top-column elementor-element elementor-element-d363c8f\" data-id=\"d363c8f\" data-element_type=\"column\" data-e-type=\"column\">\n\t\t\t<div class=\"elementor-widget-wrap elementor-element-populated\">\n\t\t\t\t\t\t<div class=\"elementor-element elementor-element-687a7d5 elementor-widget elementor-widget-elementskit-team\" data-id=\"687a7d5\" data-element_type=\"widget\" data-e-type=\"widget\" data-widget_type=\"elementskit-team.default\">\n\t\t\t\t<div class=\"elementor-widget-container\">\n\t\t\t\t\t<div class=\"ekit-wid-con\">\t\t\t\t\t\t\t\t\n\t\t<div class=\"profile-card elementor-animation- text-center ekit-team-style-default\">\n\t\t\t\n\t\t\t\t<div class=\"profile-header ekit-team-img ekit-img-overlay ekit-team-img-block\" >\n\t\t\t\t\t<img decoding=\"async\" width=\"640\" height=\"853\" src=\"https:\/\/osvrhbosna.edu.ba\/wp-content\/uploads\/2023\/11\/viber_image_2023-11-20_12-28-14-205-768x1024.jpg\" class=\"attachment-large size-large wp-image-2883\" alt=\"\" srcset=\"https:\/\/osvrhbosna.edu.ba\/wp-content\/uploads\/2023\/11\/viber_image_2023-11-20_12-28-14-205-768x1024.jpg 768w, https:\/\/osvrhbosna.edu.ba\/wp-content\/uploads\/2023\/11\/viber_image_2023-11-20_12-28-14-205-225x300.jpg 225w, https:\/\/osvrhbosna.edu.ba\/wp-content\/uploads\/2023\/11\/viber_image_2023-11-20_12-28-14-205-1152x1536.jpg 1152w, https:\/\/osvrhbosna.edu.ba\/wp-content\/uploads\/2023\/11\/viber_image_2023-11-20_12-28-14-205.jpg 1200w\" sizes=\"(max-width: 640px) 100vw, 640px\" \/>\t\t\t\t<\/div><!-- .profile-header END -->\n\t\t\t\n\n\t\t\t\t<div class=\"profile-body\">\n\t\t\t\t\t\n\t\t\t\t\t<h2 class=\"profile-title\">\n\t\t\t\t\t\t\t\t\t\t\tMuradija Hasanovi\u0107\t\t\t\t\t\t\t\t\t\t<\/h2>\n\t\t\t\t\t<p class=\"profile-designation\">Sprema\u010dica<\/p>\n\t\t\t\t\t\t\t\t\t<\/div><!-- .profile-body END -->\n\n\t\t\t\t\t\t\t\t<\/div>\n\t\t\t\t\t\t\t\n\t\t\t\n\t\t\t\t<\/div>\t\t\t\t<\/div>\n\t\t\t\t<\/div>\n\t\t\t\t\t<\/div>\n\t\t<\/div>\n\t\t\t\t<div class=\"elementor-column elementor-col-25 elementor-top-column elementor-element elementor-element-afd94a2\" data-id=\"afd94a2\" data-element_type=\"column\" data-e-type=\"column\">\n\t\t\t<div class=\"elementor-widget-wrap elementor-element-populated\">\n\t\t\t\t\t\t<div class=\"elementor-element elementor-element-5822bf6 elementor-widget elementor-widget-elementskit-team\" data-id=\"5822bf6\" data-element_type=\"widget\" data-e-type=\"widget\" data-widget_type=\"elementskit-team.default\">\n\t\t\t\t<div class=\"elementor-widget-container\">\n\t\t\t\t\t<div class=\"ekit-wid-con\">\t\t\t\t\t\t\t\t\n\t\t<div class=\"profile-card elementor-animation- text-center ekit-team-style-default\">\n\t\t\t\n\t\t\t\t<div class=\"profile-header ekit-team-img ekit-img-overlay ekit-team-img-block\" >\n\t\t\t\t\t<img loading=\"lazy\" decoding=\"async\" width=\"640\" height=\"853\" src=\"https:\/\/osvrhbosna.edu.ba\/wp-content\/uploads\/2023\/11\/viber_image_2023-11-20_12-18-04-941-768x1024.jpg\" class=\"attachment-large size-large wp-image-2882\" alt=\"\" srcset=\"https:\/\/osvrhbosna.edu.ba\/wp-content\/uploads\/2023\/11\/viber_image_2023-11-20_12-18-04-941-768x1024.jpg 768w, https:\/\/osvrhbosna.edu.ba\/wp-content\/uploads\/2023\/11\/viber_image_2023-11-20_12-18-04-941-225x300.jpg 225w, https:\/\/osvrhbosna.edu.ba\/wp-content\/uploads\/2023\/11\/viber_image_2023-11-20_12-18-04-941-1152x1536.jpg 1152w, https:\/\/osvrhbosna.edu.ba\/wp-content\/uploads\/2023\/11\/viber_image_2023-11-20_12-18-04-941.jpg 1200w\" sizes=\"(max-width: 640px) 100vw, 640px\" \/>\t\t\t\t<\/div><!-- .profile-header END -->\n\t\t\t\n\n\t\t\t\t<div class=\"profile-body\">\n\t\t\t\t\t\n\t\t\t\t\t<h2 class=\"profile-title\">\n\t\t\t\t\t\t\t\t\t\t\tNevzeta Mrkaljevi\u0107\t\t\t\t\t\t\t\t\t\t<\/h2>\n\t\t\t\t\t<p class=\"profile-designation\">Sprema\u010dica<\/p>\n\t\t\t\t\t\t\t\t\t<\/div><!-- .profile-body END -->\n\n\t\t\t\t\t\t\t\t<\/div>\n\t\t\t\t\t\t\t\n\t\t\t\n\t\t\t\t<\/div>\t\t\t\t<\/div>\n\t\t\t\t<\/div>\n\t\t\t\t\t<\/div>\n\t\t<\/div>\n\t\t\t\t\t<\/div>\n\t\t<\/section>\n\t\t\t\t<section class=\"elementor-section elementor-top-section elementor-element elementor-element-83c461c elementor-section-boxed elementor-section-height-default elementor-section-height-default\" data-id=\"83c461c\" data-element_type=\"section\" data-e-type=\"section\">\n\t\t\t\t\t\t<div class=\"elementor-container elementor-column-gap-default\">\n\t\t\t\t\t<div class=\"elementor-column elementor-col-25 elementor-top-column elementor-element elementor-element-428ff1f\" data-id=\"428ff1f\" data-element_type=\"column\" data-e-type=\"column\">\n\t\t\t<div class=\"elementor-widget-wrap elementor-element-populated\">\n\t\t\t\t\t\t<div class=\"elementor-element elementor-element-93a214f elementor-widget elementor-widget-elementskit-team\" data-id=\"93a214f\" data-element_type=\"widget\" data-e-type=\"widget\" data-widget_type=\"elementskit-team.default\">\n\t\t\t\t<div class=\"elementor-widget-container\">\n\t\t\t\t\t<div class=\"ekit-wid-con\">\t\t\t\t\t\t\t\t\n\t\t<div class=\"profile-card elementor-animation- text-center ekit-team-style-default\">\n\t\t\t\n\t\t\t\t<div class=\"profile-header ekit-team-img ekit-img-overlay ekit-team-img-block\" >\n\t\t\t\t\t<img loading=\"lazy\" decoding=\"async\" width=\"640\" height=\"853\" src=\"https:\/\/osvrhbosna.edu.ba\/wp-content\/uploads\/2023\/11\/viber_image_2023-11-20_11-57-22-948-768x1024.jpg\" class=\"attachment-large size-large wp-image-2880\" alt=\"\" srcset=\"https:\/\/osvrhbosna.edu.ba\/wp-content\/uploads\/2023\/11\/viber_image_2023-11-20_11-57-22-948-768x1024.jpg 768w, https:\/\/osvrhbosna.edu.ba\/wp-content\/uploads\/2023\/11\/viber_image_2023-11-20_11-57-22-948-225x300.jpg 225w, https:\/\/osvrhbosna.edu.ba\/wp-content\/uploads\/2023\/11\/viber_image_2023-11-20_11-57-22-948-1152x1536.jpg 1152w, https:\/\/osvrhbosna.edu.ba\/wp-content\/uploads\/2023\/11\/viber_image_2023-11-20_11-57-22-948.jpg 1200w\" sizes=\"(max-width: 640px) 100vw, 640px\" \/>\t\t\t\t<\/div><!-- .profile-header END -->\n\t\t\t\n\n\t\t\t\t<div class=\"profile-body\">\n\t\t\t\t\t\n\t\t\t\t\t<h2 class=\"profile-title\">\n\t\t\t\t\t\t\t\t\t\t\tAmel Halilovi\u0107\t\t\t\t\t\t\t\t\t\t<\/h2>\n\t\t\t\t\t<p class=\"profile-designation\">Domar<\/p>\n\t\t\t\t\t\t\t\t\t<\/div><!-- .profile-body END -->\n\n\t\t\t\t\t\t\t\t<\/div>\n\t\t\t\t\t\t\t\n\t\t\t\n\t\t\t\t<\/div>\t\t\t\t<\/div>\n\t\t\t\t<\/div>\n\t\t\t\t\t<\/div>\n\t\t<\/div>\n\t\t\t\t<div class=\"elementor-column elementor-col-25 elementor-top-column elementor-element elementor-element-9cb7cdc\" data-id=\"9cb7cdc\" data-element_type=\"column\" data-e-type=\"column\">\n\t\t\t<div class=\"elementor-widget-wrap elementor-element-populated\">\n\t\t\t\t\t\t<div class=\"elementor-element elementor-element-6703879 elementor-widget elementor-widget-elementskit-team\" data-id=\"6703879\" data-element_type=\"widget\" data-e-type=\"widget\" data-widget_type=\"elementskit-team.default\">\n\t\t\t\t<div class=\"elementor-widget-container\">\n\t\t\t\t\t<div class=\"ekit-wid-con\">\t\t\t\t\t\t\t\t\n\t\t<div class=\"profile-card elementor-animation- text-center ekit-team-style-default\">\n\t\t\t\n\t\t\t\t<div class=\"profile-header ekit-team-img ekit-img-overlay ekit-team-img-block\" >\n\t\t\t\t\t<img decoding=\"async\" src=\"https:\/\/osvrhbosna.edu.ba\/wp-content\/uploads\/2023\/11\/viber_image_2023-11-20_12-05-33-393.jpg\" title=\"\" alt=\"\" loading=\"lazy\" \/>\t\t\t\t<\/div><!-- .profile-header END -->\n\t\t\t\n\n\t\t\t\t<div class=\"profile-body\">\n\t\t\t\t\t\n\t\t\t\t\t<h2 class=\"profile-title\">\n\t\t\t\t\t\t\t\t\t\t\tMeho Podrugovi\u0107\t\t\t\t\t\t\t\t\t\t<\/h2>\n\t\t\t\t\t<p class=\"profile-designation\">Lo\u017ea\u010d<\/p>\n\t\t\t\t\t\t\t\t\t<\/div><!-- .profile-body END -->\n\n\t\t\t\t\t\t\t\t<\/div>\n\t\t\t\t\t\t\t\n\t\t\t\n\t\t\t\t<\/div>\t\t\t\t<\/div>\n\t\t\t\t<\/div>\n\t\t\t\t\t<\/div>\n\t\t<\/div>\n\t\t\t\t<div class=\"elementor-column elementor-col-25 elementor-top-column elementor-element elementor-element-8eafa3a\" data-id=\"8eafa3a\" data-element_type=\"column\" data-e-type=\"column\">\n\t\t\t<div class=\"elementor-widget-wrap elementor-element-populated\">\n\t\t\t\t\t\t<div class=\"elementor-element elementor-element-466c005 elementor-widget elementor-widget-elementskit-team\" data-id=\"466c005\" data-element_type=\"widget\" data-e-type=\"widget\" data-widget_type=\"elementskit-team.default\">\n\t\t\t\t<div class=\"elementor-widget-container\">\n\t\t\t\t\t<div class=\"ekit-wid-con\">\t\t\t\t\t\t\t\t\n\t\t<div class=\"profile-card elementor-animation- text-center ekit-team-style-default\">\n\t\t\t\n\t\t\t\t<div class=\"profile-header ekit-team-img ekit-img-overlay ekit-team-img-block\" >\n\t\t\t\t\t<img loading=\"lazy\" decoding=\"async\" width=\"640\" height=\"853\" src=\"https:\/\/osvrhbosna.edu.ba\/wp-content\/uploads\/2023\/11\/viber_image_2023-11-17_13-14-54-159-768x1024.jpg\" class=\"attachment-large size-large wp-image-2663\" alt=\"\" srcset=\"https:\/\/osvrhbosna.edu.ba\/wp-content\/uploads\/2023\/11\/viber_image_2023-11-17_13-14-54-159-768x1024.jpg 768w, https:\/\/osvrhbosna.edu.ba\/wp-content\/uploads\/2023\/11\/viber_image_2023-11-17_13-14-54-159-225x300.jpg 225w, https:\/\/osvrhbosna.edu.ba\/wp-content\/uploads\/2023\/11\/viber_image_2023-11-17_13-14-54-159-1152x1536.jpg 1152w, https:\/\/osvrhbosna.edu.ba\/wp-content\/uploads\/2023\/11\/viber_image_2023-11-17_13-14-54-159.jpg 1200w\" sizes=\"(max-width: 640px) 100vw, 640px\" \/>\t\t\t\t<\/div><!-- .profile-header END -->\n\t\t\t\n\n\t\t\t\t<div class=\"profile-body\">\n\t\t\t\t\t\n\t\t\t\t\t<h2 class=\"profile-title\">\n\t\t\t\t\t\t\t\t\t\t\tSelvedin Hrnji\u0107\t\t\t\t\t\t\t\t\t\t<\/h2>\n\t\t\t\t\t<p class=\"profile-designation\">No\u0107ni \u010duvar<\/p>\n\t\t\t\t\t\t\t\t\t<\/div><!-- .profile-body END -->\n\n\t\t\t\t\t\t\t\t<\/div>\n\t\t\t\t\t\t\t\n\t\t\t\n\t\t\t\t<\/div>\t\t\t\t<\/div>\n\t\t\t\t<\/div>\n\t\t\t\t\t<\/div>\n\t\t<\/div>\n\t\t\t\t<div class=\"elementor-column elementor-col-25 elementor-top-column elementor-element elementor-element-0f4f5d0\" data-id=\"0f4f5d0\" data-element_type=\"column\" data-e-type=\"column\">\n\t\t\t<div class=\"elementor-widget-wrap elementor-element-populated\">\n\t\t\t\t\t\t<div class=\"elementor-element elementor-element-194109f elementor-widget elementor-widget-elementskit-team\" data-id=\"194109f\" data-element_type=\"widget\" data-e-type=\"widget\" data-widget_type=\"elementskit-team.default\">\n\t\t\t\t<div class=\"elementor-widget-container\">\n\t\t\t\t\t<div class=\"ekit-wid-con\">\t\t\t\t\t\t\t\t\n\t\t<div class=\"profile-card elementor-animation- text-center ekit-team-style-default\">\n\t\t\t\n\t\t\t\t<div class=\"profile-header ekit-team-img ekit-img-overlay ekit-team-img-block\" >\n\t\t\t\t\t<img decoding=\"async\" src=\"https:\/\/osvrhbosna.edu.ba\/wp-content\/uploads\/2023\/11\/viber_image_2023-11-20_15-02-34-217.jpg\" title=\"\" alt=\"\" loading=\"lazy\" \/>\t\t\t\t<\/div><!-- .profile-header END -->\n\t\t\t\n\n\t\t\t\t<div class=\"profile-body\">\n\t\t\t\t\t\n\t\t\t\t\t<h2 class=\"profile-title\">\n\t\t\t\t\t\t\t\t\t\t\tMuamer Meki\u0107\t\t\t\t\t\t\t\t\t\t<\/h2>\n\t\t\t\t\t<p class=\"profile-designation\"><\/p>\n\t\t\t\t\t\t\t\t\t<\/div><!-- .profile-body END -->\n\n\t\t\t\t\t\t\t\t<\/div>\n\t\t\t\t\t\t\t\n\t\t\t\n\t\t\t\t<\/div>\t\t\t\t<\/div>\n\t\t\t\t<\/div>\n\t\t\t\t\t<\/div>\n\t\t<\/div>\n\t\t\t\t\t<\/div>\n\t\t<\/section>\n\t\t\t\t<\/div>\n\t\t","protected":false},"excerpt":{"rendered":"<p>Zumra Ja\u0161arevi\u0107 Sprema\u010dica Sabaha A\u0161\u0107eri\u0107 Sprema\u010dica Muradija Hasanovi\u0107 Sprema\u010dica Nevzeta Mrkaljevi\u0107 Sprema\u010dica Amel Halilovi\u0107 Domar Meho Podrugovi\u0107 Lo\u017ea\u010d Selvedin Hrnji\u0107 No\u0107ni \u010duvar Muamer Meki\u0107<\/p>\n","protected":false},"author":1,"featured_media":0,"parent":0,"menu_order":0,"comment_status":"closed","ping_status":"closed","template":"","meta":{"footnotes":""},"class_list":["post-94","page","type-page","status-publish","hentry"],"_links":{"self":[{"href":"https:\/\/osvrhbosna.edu.ba\/index.php\/wp-json\/wp\/v2\/pages\/94","targetHints":{"allow":["GET"]}}],"collection":[{"href":"https:\/\/osvrhbosna.edu.ba\/index.php\/wp-json\/wp\/v2\/pages"}],"about":[{"href":"https:\/\/osvrhbosna.edu.ba\/index.php\/wp-json\/wp\/v2\/types\/page"}],"author":[{"embeddable":true,"href":"https:\/\/osvrhbosna.edu.ba\/index.php\/wp-json\/wp\/v2\/users\/1"}],"replies":[{"embeddable":true,"href":"https:\/\/osvrhbosna.edu.ba\/index.php\/wp-json\/wp\/v2\/comments?post=94"}],"version-history":[{"count":40,"href":"https:\/\/osvrhbosna.edu.ba\/index.php\/wp-json\/wp\/v2\/pages\/94\/revisions"}],"predecessor-version":[{"id":2914,"href":"https:\/\/osvrhbosna.edu.ba\/index.php\/wp-json\/wp\/v2\/pages\/94\/revisions\/2914"}],"wp:attachment":[{"href":"https:\/\/osvrhbosna.edu.ba\/index.php\/wp-json\/wp\/v2\/media?parent=94"}],"curies":[{"name":"wp","href":"https:\/\/api.w.org\/{rel}","templated":true}]}}